{"id":6636,"date":"2026-03-26T12:14:52","date_gmt":"2026-03-26T11:14:52","guid":{"rendered":"https:\/\/zerbimek.climascomunicacion.com\/?page_id=6636"},"modified":"2026-03-27T13:30:26","modified_gmt":"2026-03-27T12:30:26","slug":"nouvelles","status":"publish","type":"page","link":"https:\/\/zerbimek.com\/fr\/nouvelles\/","title":{"rendered":"Nouvelles"},"content":{"rendered":"\t\t<div data-elementor-type=\"wp-page\" data-elementor-id=\"6636\" class=\"elementor elementor-6636 elementor-5754\" data-elementor-post-type=\"page\">\n\t\t\t\t<div class=\"elementor-element elementor-element-5c7bde7 simple-page-header e-flex e-con-boxed e-con e-parent\" data-id=\"5c7bde7\" data-element_type=\"container\">\n\t\t\t\t\t<div class=\"e-con-inner\">\n\t\t\t\t<div class=\"elementor-element elementor-element-be216a9 simple-page-header__caption elementor-widget elementor-widget-text-editor\" data-id=\"be216a9\" data-element_type=\"widget\" data-widget_type=\"text-editor.default\">\n\t\t\t\t\t\t\t\t\t<p>Nouvelles<\/p>\t\t\t\t\t\t\t\t<\/div>\n\t\t\t\t\t<\/div>\n\t\t\t\t<\/div>\n\t\t<div class=\"elementor-element elementor-element-0398bac e-flex e-con-boxed e-con e-parent\" data-id=\"0398bac\" data-element_type=\"container\">\n\t\t\t\t\t<div class=\"e-con-inner\">\n\t\t\t\t<div class=\"elementor-element elementor-element-606f7e6 zerbimek-posts-grid elementor-grid-3 elementor-grid-tablet-2 elementor-grid-mobile-1 elementor-widget elementor-widget-loop-grid\" data-id=\"606f7e6\" data-element_type=\"widget\" data-settings=\"{&quot;template_id&quot;:6026,&quot;pagination_type&quot;:&quot;numbers_and_prev_next&quot;,&quot;_skin&quot;:&quot;post&quot;,&quot;columns&quot;:&quot;3&quot;,&quot;columns_tablet&quot;:&quot;2&quot;,&quot;columns_mobile&quot;:&quot;1&quot;,&quot;edit_handle_selector&quot;:&quot;[data-elementor-type=\\&quot;loop-item\\&quot;]&quot;,&quot;pagination_load_type&quot;:&quot;page_reload&quot;,&quot;row_gap&quot;:{&quot;unit&quot;:&quot;px&quot;,&quot;size&quot;:&quot;&quot;,&quot;sizes&quot;:[]},&quot;row_gap_tablet&quot;:{&quot;unit&quot;:&quot;px&quot;,&quot;size&quot;:&quot;&quot;,&quot;sizes&quot;:[]},&quot;row_gap_mobile&quot;:{&quot;unit&quot;:&quot;px&quot;,&quot;size&quot;:&quot;&quot;,&quot;sizes&quot;:[]}}\" data-widget_type=\"loop-grid.post\">\n\t\t\t\t<div class=\"elementor-widget-container\">\n\t\t\t\t\t\t\t<div class=\"elementor-loop-container elementor-grid\" role=\"list\">\n\t\t<style id=\"loop-6026\">.elementor-6026 .elementor-element.elementor-element-e46f5bb{--display:flex;}.elementor-6026 .elementor-element.elementor-element-45a4d86{--display:flex;}<\/style>\t\t<div data-elementor-type=\"loop-item\" data-elementor-id=\"6026\" class=\"elementor elementor-6026 e-loop-item e-loop-item-5070 post-5070 post type-post status-publish format-standard has-post-thumbnail hentry category-international-fr tag-advanced-manufacturing-fr\" data-elementor-post-type=\"elementor_library\" data-custom-edit-handle=\"1\">\n\t\t\t<div class=\"elementor-element elementor-element-e46f5bb zerbimek-post e-flex e-con-boxed e-con e-parent\" data-id=\"e46f5bb\" data-element_type=\"container\">\n\t\t\t\t\t<div class=\"e-con-inner\">\n\t\t\t\t<div class=\"elementor-element elementor-element-57f6ffe zerbimek-post__image elementor-widget elementor-widget-theme-post-featured-image elementor-widget-image\" data-id=\"57f6ffe\" data-element_type=\"widget\" data-widget_type=\"theme-post-featured-image.default\">\n\t\t\t\t\t\t\t\t\t\t\t\t\t\t\t<img fetchpriority=\"high\" decoding=\"async\" width=\"983\" height=\"746\" src=\"https:\/\/zerbimek.com\/wp-content\/uploads\/2025\/10\/DIA-1-2.jpg\" class=\"attachment-large size-large wp-image-5061\" alt=\"\" srcset=\"https:\/\/zerbimek.com\/wp-content\/uploads\/2025\/10\/DIA-1-2.jpg 983w, https:\/\/zerbimek.com\/wp-content\/uploads\/2025\/10\/DIA-1-2-300x228.jpg 300w, https:\/\/zerbimek.com\/wp-content\/uploads\/2025\/10\/DIA-1-2-768x583.jpg 768w\" sizes=\"(max-width: 983px) 100vw, 983px\" \/>\t\t\t\t\t\t\t\t\t\t\t\t\t\t\t<\/div>\n\t\t<div class=\"elementor-element elementor-element-45a4d86 e-con-full zerbimek-post__content e-flex e-con e-child\" data-id=\"45a4d86\" data-element_type=\"container\">\n\t\t\t\t<div class=\"elementor-element elementor-element-920d61f zerbimek-post__title elementor-widget elementor-widget-theme-post-title elementor-page-title elementor-widget-heading\" data-id=\"920d61f\" data-element_type=\"widget\" data-widget_type=\"theme-post-title.default\">\n\t\t\t\t\t<h1 class=\"elementor-heading-title elementor-size-default\">Advanced Manufacturing Madrid 2025<\/h1>\t\t\t\t<\/div>\n\t\t\t\t<div class=\"elementor-element elementor-element-7712ec5 zerbimek-post__excerpt elementor-widget elementor-widget-theme-post-excerpt\" data-id=\"7712ec5\" data-element_type=\"widget\" data-widget_type=\"theme-post-excerpt.default\">\n\t\t\t\t\t<p>Nous retournons \u00e0 Advanced Manufacturing Madrid! Cette ann\u00e9e encore, Zerbimek sera pr\u00e9sent au salon de r\u00e9f\u00e9rence de l\u2019industrie du m\u00e9tal, de l\u2019usinage et de la...\t\t\t\t<\/div>\n\t\t\t\t<div class=\"elementor-element elementor-element-967fbca zerbimek-post__see-more elementor-widget elementor-widget-button\" data-id=\"967fbca\" data-element_type=\"widget\" data-widget_type=\"button.default\">\n\t\t\t\t\t\t\t\t\t\t<a class=\"elementor-button elementor-button-link elementor-size-sm\" href=\"https:\/\/zerbimek.com\/fr\/advanced-manufacturing-madrid-2025\/\">\n\t\t\t\t\t\t<span class=\"elementor-button-content-wrapper\">\n\t\t\t\t\t\t\t\t\t<span class=\"elementor-button-text\">Leer m\u00e1s<\/span>\n\t\t\t\t\t<\/span>\n\t\t\t\t\t<\/a>\n\t\t\t\t\t\t\t\t<\/div>\n\t\t\t\t<\/div>\n\t\t\t\t\t<\/div>\n\t\t\t\t<\/div>\n\t\t\t\t<\/div>\n\t\t\t\t<div data-elementor-type=\"loop-item\" data-elementor-id=\"6026\" class=\"elementor elementor-6026 e-loop-item e-loop-item-4995 post-4995 post type-post status-publish format-standard has-post-thumbnail hentry category-mecanizado-fr category-non-classifiee\" data-elementor-post-type=\"elementor_library\" data-custom-edit-handle=\"1\">\n\t\t\t<div class=\"elementor-element elementor-element-e46f5bb zerbimek-post e-flex e-con-boxed e-con e-parent\" data-id=\"e46f5bb\" data-element_type=\"container\">\n\t\t\t\t\t<div class=\"e-con-inner\">\n\t\t\t\t<div class=\"elementor-element elementor-element-57f6ffe zerbimek-post__image elementor-widget elementor-widget-theme-post-featured-image elementor-widget-image\" data-id=\"57f6ffe\" data-element_type=\"widget\" data-widget_type=\"theme-post-featured-image.default\">\n\t\t\t\t\t\t\t\t\t\t\t\t\t\t\t<img decoding=\"async\" width=\"979\" height=\"1024\" src=\"https:\/\/zerbimek.com\/wp-content\/uploads\/2025\/09\/IMG_3650-979x1024.jpg\" class=\"attachment-large size-large wp-image-4981\" alt=\"\" srcset=\"https:\/\/zerbimek.com\/wp-content\/uploads\/2025\/09\/IMG_3650-979x1024.jpg 979w, https:\/\/zerbimek.com\/wp-content\/uploads\/2025\/09\/IMG_3650-287x300.jpg 287w, https:\/\/zerbimek.com\/wp-content\/uploads\/2025\/09\/IMG_3650-768x803.jpg 768w, https:\/\/zerbimek.com\/wp-content\/uploads\/2025\/09\/IMG_3650-1469x1536.jpg 1469w, https:\/\/zerbimek.com\/wp-content\/uploads\/2025\/09\/IMG_3650-1958x2048.jpg 1958w\" sizes=\"(max-width: 979px) 100vw, 979px\" \/>\t\t\t\t\t\t\t\t\t\t\t\t\t\t\t<\/div>\n\t\t<div class=\"elementor-element elementor-element-45a4d86 e-con-full zerbimek-post__content e-flex e-con e-child\" data-id=\"45a4d86\" data-element_type=\"container\">\n\t\t\t\t<div class=\"elementor-element elementor-element-920d61f zerbimek-post__title elementor-widget elementor-widget-theme-post-title elementor-page-title elementor-widget-heading\" data-id=\"920d61f\" data-element_type=\"widget\" data-widget_type=\"theme-post-title.default\">\n\t\t\t\t\t<h1 class=\"elementor-heading-title elementor-size-default\">Nous renfor\u00e7ons notre capacit\u00e9 de production<\/h1>\t\t\t\t<\/div>\n\t\t\t\t<div class=\"elementor-element elementor-element-7712ec5 zerbimek-post__excerpt elementor-widget elementor-widget-theme-post-excerpt\" data-id=\"7712ec5\" data-element_type=\"widget\" data-widget_type=\"theme-post-excerpt.default\">\n\t\t\t\t\t<p>Chez Zerbimek, nous continuons \u00e0 aller de l&rsquo;avant dans notre engagement envers l&rsquo;innovation et l&rsquo;am\u00e9lioration continue. Au cours des derniers mois, nous avons franchi une...\t\t\t\t<\/div>\n\t\t\t\t<div class=\"elementor-element elementor-element-967fbca zerbimek-post__see-more elementor-widget elementor-widget-button\" data-id=\"967fbca\" data-element_type=\"widget\" data-widget_type=\"button.default\">\n\t\t\t\t\t\t\t\t\t\t<a class=\"elementor-button elementor-button-link elementor-size-sm\" href=\"https:\/\/zerbimek.com\/fr\/nous-renforcons-notre-capacite-de-production\/\">\n\t\t\t\t\t\t<span class=\"elementor-button-content-wrapper\">\n\t\t\t\t\t\t\t\t\t<span class=\"elementor-button-text\">Leer m\u00e1s<\/span>\n\t\t\t\t\t<\/span>\n\t\t\t\t\t<\/a>\n\t\t\t\t\t\t\t\t<\/div>\n\t\t\t\t<\/div>\n\t\t\t\t\t<\/div>\n\t\t\t\t<\/div>\n\t\t\t\t<\/div>\n\t\t\t\t<div data-elementor-type=\"loop-item\" data-elementor-id=\"6026\" class=\"elementor elementor-6026 e-loop-item e-loop-item-4951 post-4951 post type-post status-publish format-standard has-post-thumbnail hentry category-arrasate-fr category-international-fr category-non-classifiee\" data-elementor-post-type=\"elementor_library\" data-custom-edit-handle=\"1\">\n\t\t\t<div class=\"elementor-element elementor-element-e46f5bb zerbimek-post e-flex e-con-boxed e-con e-parent\" data-id=\"e46f5bb\" data-element_type=\"container\">\n\t\t\t\t\t<div class=\"e-con-inner\">\n\t\t\t\t<div class=\"elementor-element elementor-element-57f6ffe zerbimek-post__image elementor-widget elementor-widget-theme-post-featured-image elementor-widget-image\" data-id=\"57f6ffe\" data-element_type=\"widget\" data-widget_type=\"theme-post-featured-image.default\">\n\t\t\t\t\t\t\t\t\t\t\t\t\t\t\t<img decoding=\"async\" width=\"1024\" height=\"431\" src=\"https:\/\/zerbimek.com\/wp-content\/uploads\/2025\/06\/ADEGI-301-4-1024x431.jpg\" class=\"attachment-large size-large wp-image-4640\" alt=\"\" srcset=\"https:\/\/zerbimek.com\/wp-content\/uploads\/2025\/06\/ADEGI-301-4-1024x431.jpg 1024w, https:\/\/zerbimek.com\/wp-content\/uploads\/2025\/06\/ADEGI-301-4-300x126.jpg 300w, https:\/\/zerbimek.com\/wp-content\/uploads\/2025\/06\/ADEGI-301-4-768x323.jpg 768w\" sizes=\"(max-width: 1024px) 100vw, 1024px\" \/>\t\t\t\t\t\t\t\t\t\t\t\t\t\t\t<\/div>\n\t\t<div class=\"elementor-element elementor-element-45a4d86 e-con-full zerbimek-post__content e-flex e-con e-child\" data-id=\"45a4d86\" data-element_type=\"container\">\n\t\t\t\t<div class=\"elementor-element elementor-element-920d61f zerbimek-post__title elementor-widget elementor-widget-theme-post-title elementor-page-title elementor-widget-heading\" data-id=\"920d61f\" data-element_type=\"widget\" data-widget_type=\"theme-post-title.default\">\n\t\t\t\t\t<h1 class=\"elementor-heading-title elementor-size-default\">Prix Nouvelle Entreprise de Gipuzkoa 2025<\/h1>\t\t\t\t<\/div>\n\t\t\t\t<div class=\"elementor-element elementor-element-7712ec5 zerbimek-post__excerpt elementor-widget elementor-widget-theme-post-excerpt\" data-id=\"7712ec5\" data-element_type=\"widget\" data-widget_type=\"theme-post-excerpt.default\">\n\t\t\t\t\t<p>Chez Zerbimek, nous sommes en f\u00eate. Le 29 mai dernier, lors de la Journ\u00e9e de l&rsquo;entreprise organis\u00e9e par Adegi \u00e0 Fabrika, nous avons re\u00e7u le...\t\t\t\t<\/div>\n\t\t\t\t<div class=\"elementor-element elementor-element-967fbca zerbimek-post__see-more elementor-widget elementor-widget-button\" data-id=\"967fbca\" data-element_type=\"widget\" data-widget_type=\"button.default\">\n\t\t\t\t\t\t\t\t\t\t<a class=\"elementor-button elementor-button-link elementor-size-sm\" href=\"https:\/\/zerbimek.com\/fr\/prix-nouvelle-entreprise-gipuzkoa-2025\/\">\n\t\t\t\t\t\t<span class=\"elementor-button-content-wrapper\">\n\t\t\t\t\t\t\t\t\t<span class=\"elementor-button-text\">Leer m\u00e1s<\/span>\n\t\t\t\t\t<\/span>\n\t\t\t\t\t<\/a>\n\t\t\t\t\t\t\t\t<\/div>\n\t\t\t\t<\/div>\n\t\t\t\t\t<\/div>\n\t\t\t\t<\/div>\n\t\t\t\t<\/div>\n\t\t\t\t<div data-elementor-type=\"loop-item\" data-elementor-id=\"6026\" class=\"elementor elementor-6026 e-loop-item e-loop-item-4669 post-4669 post type-post status-publish format-standard hentry category-non-classifiee\" data-elementor-post-type=\"elementor_library\" data-custom-edit-handle=\"1\">\n\t\t\t<div class=\"elementor-element elementor-element-e46f5bb zerbimek-post e-flex e-con-boxed e-con e-parent\" data-id=\"e46f5bb\" data-element_type=\"container\">\n\t\t\t\t\t<div class=\"e-con-inner\">\n\t\t\t\t<div class=\"elementor-element elementor-element-57f6ffe zerbimek-post__image elementor-widget elementor-widget-theme-post-featured-image elementor-widget-image\" data-id=\"57f6ffe\" data-element_type=\"widget\" data-widget_type=\"theme-post-featured-image.default\">\n\t\t\t\t\t\t\t\t\t\t\t\t\t\t\t<img loading=\"lazy\" decoding=\"async\" width=\"1024\" height=\"768\" src=\"https:\/\/zerbimek.com\/wp-content\/uploads\/2026\/01\/logo-container-1024x768.png\" class=\"attachment-large size-large wp-image-6046\" alt=\"\" srcset=\"https:\/\/zerbimek.com\/wp-content\/uploads\/2026\/01\/logo-container-1024x768.png 1024w, https:\/\/zerbimek.com\/wp-content\/uploads\/2026\/01\/logo-container-300x225.png 300w, https:\/\/zerbimek.com\/wp-content\/uploads\/2026\/01\/logo-container-768x576.png 768w, https:\/\/zerbimek.com\/wp-content\/uploads\/2026\/01\/logo-container.png 1200w\" sizes=\"(max-width: 1024px) 100vw, 1024px\" \/>\t\t\t\t\t\t\t\t\t\t\t\t\t\t\t<\/div>\n\t\t<div class=\"elementor-element elementor-element-45a4d86 e-con-full zerbimek-post__content e-flex e-con e-child\" data-id=\"45a4d86\" data-element_type=\"container\">\n\t\t\t\t<div class=\"elementor-element elementor-element-920d61f zerbimek-post__title elementor-widget elementor-widget-theme-post-title elementor-page-title elementor-widget-heading\" data-id=\"920d61f\" data-element_type=\"widget\" data-widget_type=\"theme-post-title.default\">\n\t\t\t\t\t<h1 class=\"elementor-heading-title elementor-size-default\">Salon de la sous-traitance 2025<\/h1>\t\t\t\t<\/div>\n\t\t\t\t<div class=\"elementor-element elementor-element-7712ec5 zerbimek-post__excerpt elementor-widget elementor-widget-theme-post-excerpt\" data-id=\"7712ec5\" data-element_type=\"widget\" data-widget_type=\"theme-post-excerpt.default\">\n\t\t\t\t\t<p>Du 3 au 5 juin, nous sommes pr\u00e9sents au Salon de la sous-traitance, qui se tient au BEC &#8211; Bilbao Exhibition Centre, un salon de...\t\t\t\t<\/div>\n\t\t\t\t<div class=\"elementor-element elementor-element-967fbca zerbimek-post__see-more elementor-widget elementor-widget-button\" data-id=\"967fbca\" data-element_type=\"widget\" data-widget_type=\"button.default\">\n\t\t\t\t\t\t\t\t\t\t<a class=\"elementor-button elementor-button-link elementor-size-sm\" href=\"https:\/\/zerbimek.com\/fr\/salon-de-la-sous-traitance-2025\/\">\n\t\t\t\t\t\t<span class=\"elementor-button-content-wrapper\">\n\t\t\t\t\t\t\t\t\t<span class=\"elementor-button-text\">Leer m\u00e1s<\/span>\n\t\t\t\t\t<\/span>\n\t\t\t\t\t<\/a>\n\t\t\t\t\t\t\t\t<\/div>\n\t\t\t\t<\/div>\n\t\t\t\t\t<\/div>\n\t\t\t\t<\/div>\n\t\t\t\t<\/div>\n\t\t\t\t<div data-elementor-type=\"loop-item\" data-elementor-id=\"6026\" class=\"elementor elementor-6026 e-loop-item e-loop-item-4122 post-4122 post type-post status-publish format-standard hentry category-international-fr\" data-elementor-post-type=\"elementor_library\" data-custom-edit-handle=\"1\">\n\t\t\t<div class=\"elementor-element elementor-element-e46f5bb zerbimek-post e-flex e-con-boxed e-con e-parent\" data-id=\"e46f5bb\" data-element_type=\"container\">\n\t\t\t\t\t<div class=\"e-con-inner\">\n\t\t\t\t<div class=\"elementor-element elementor-element-57f6ffe zerbimek-post__image elementor-widget elementor-widget-theme-post-featured-image elementor-widget-image\" data-id=\"57f6ffe\" data-element_type=\"widget\" data-widget_type=\"theme-post-featured-image.default\">\n\t\t\t\t\t\t\t\t\t\t\t\t\t\t\t<img loading=\"lazy\" decoding=\"async\" width=\"1024\" height=\"768\" src=\"https:\/\/zerbimek.com\/wp-content\/uploads\/2026\/01\/logo-container-1024x768.png\" class=\"attachment-large size-large wp-image-6046\" alt=\"\" srcset=\"https:\/\/zerbimek.com\/wp-content\/uploads\/2026\/01\/logo-container-1024x768.png 1024w, https:\/\/zerbimek.com\/wp-content\/uploads\/2026\/01\/logo-container-300x225.png 300w, https:\/\/zerbimek.com\/wp-content\/uploads\/2026\/01\/logo-container-768x576.png 768w, https:\/\/zerbimek.com\/wp-content\/uploads\/2026\/01\/logo-container.png 1200w\" sizes=\"(max-width: 1024px) 100vw, 1024px\" \/>\t\t\t\t\t\t\t\t\t\t\t\t\t\t\t<\/div>\n\t\t<div class=\"elementor-element elementor-element-45a4d86 e-con-full zerbimek-post__content e-flex e-con e-child\" data-id=\"45a4d86\" data-element_type=\"container\">\n\t\t\t\t<div class=\"elementor-element elementor-element-920d61f zerbimek-post__title elementor-widget elementor-widget-theme-post-title elementor-page-title elementor-widget-heading\" data-id=\"920d61f\" data-element_type=\"widget\" data-widget_type=\"theme-post-title.default\">\n\t\t\t\t\t<h1 class=\"elementor-heading-title elementor-size-default\">Salon mondial de l\u2019industrie 2025<\/h1>\t\t\t\t<\/div>\n\t\t\t\t<div class=\"elementor-element elementor-element-7712ec5 zerbimek-post__excerpt elementor-widget elementor-widget-theme-post-excerpt\" data-id=\"7712ec5\" data-element_type=\"widget\" data-widget_type=\"theme-post-excerpt.default\">\n\t\t\t\t\t<p>Le compte \u00e0 rebours commence! Global Industrie 2025 \u00e0 Lyon \u00a1L\u2019attente est termin\u00e9e! Cette ann\u00e9e, l\u2019\u00e9dition de Global Industrie \u00e0 Lyon approche. Du 11 au...\t\t\t\t<\/div>\n\t\t\t\t<div class=\"elementor-element elementor-element-967fbca zerbimek-post__see-more elementor-widget elementor-widget-button\" data-id=\"967fbca\" data-element_type=\"widget\" data-widget_type=\"button.default\">\n\t\t\t\t\t\t\t\t\t\t<a class=\"elementor-button elementor-button-link elementor-size-sm\" href=\"https:\/\/zerbimek.com\/fr\/salon-mondial-de-lindustrie-2025\/\">\n\t\t\t\t\t\t<span class=\"elementor-button-content-wrapper\">\n\t\t\t\t\t\t\t\t\t<span class=\"elementor-button-text\">Leer m\u00e1s<\/span>\n\t\t\t\t\t<\/span>\n\t\t\t\t\t<\/a>\n\t\t\t\t\t\t\t\t<\/div>\n\t\t\t\t<\/div>\n\t\t\t\t\t<\/div>\n\t\t\t\t<\/div>\n\t\t\t\t<\/div>\n\t\t\t\t<div data-elementor-type=\"loop-item\" data-elementor-id=\"6026\" class=\"elementor elementor-6026 e-loop-item e-loop-item-3980 post-3980 post type-post status-publish format-standard has-post-thumbnail hentry category-international-fr\" data-elementor-post-type=\"elementor_library\" data-custom-edit-handle=\"1\">\n\t\t\t<div class=\"elementor-element elementor-element-e46f5bb zerbimek-post e-flex e-con-boxed e-con e-parent\" data-id=\"e46f5bb\" data-element_type=\"container\">\n\t\t\t\t\t<div class=\"e-con-inner\">\n\t\t\t\t<div class=\"elementor-element elementor-element-57f6ffe zerbimek-post__image elementor-widget elementor-widget-theme-post-featured-image elementor-widget-image\" data-id=\"57f6ffe\" data-element_type=\"widget\" data-widget_type=\"theme-post-featured-image.default\">\n\t\t\t\t\t\t\t\t\t\t\t\t\t\t\t<img loading=\"lazy\" decoding=\"async\" width=\"1024\" height=\"683\" src=\"https:\/\/zerbimek.com\/wp-content\/uploads\/2024\/11\/54166150705_ffe3c7b117_o-scaled.jpg\" class=\"attachment-large size-large wp-image-3912\" alt=\"empresa de formaci\u00f3n dual\" srcset=\"https:\/\/zerbimek.com\/wp-content\/uploads\/2024\/11\/54166150705_ffe3c7b117_o-scaled.jpg 2560w, https:\/\/zerbimek.com\/wp-content\/uploads\/2024\/11\/54166150705_ffe3c7b117_o-300x200.jpg 300w\" sizes=\"(max-width: 1024px) 100vw, 1024px\" \/>\t\t\t\t\t\t\t\t\t\t\t\t\t\t\t<\/div>\n\t\t<div class=\"elementor-element elementor-element-45a4d86 e-con-full zerbimek-post__content e-flex e-con e-child\" data-id=\"45a4d86\" data-element_type=\"container\">\n\t\t\t\t<div class=\"elementor-element elementor-element-920d61f zerbimek-post__title elementor-widget elementor-widget-theme-post-title elementor-page-title elementor-widget-heading\" data-id=\"920d61f\" data-element_type=\"widget\" data-widget_type=\"theme-post-title.default\">\n\t\t\t\t\t<h1 class=\"elementor-heading-title elementor-size-default\">Meilleure entreprise de Formation Duale en Gipuzkoa<\/h1>\t\t\t\t<\/div>\n\t\t\t\t<div class=\"elementor-element elementor-element-7712ec5 zerbimek-post__excerpt elementor-widget elementor-widget-theme-post-excerpt\" data-id=\"7712ec5\" data-element_type=\"widget\" data-widget_type=\"theme-post-excerpt.default\">\n\t\t\t\t\t<p>Nous sommes fiers d&rsquo;annoncer que Confebask nous a d\u00e9cern\u00e9 le prix de la meilleure entreprise de formation duale du Gipuzkoa lors de la 31e \u00e9dition...\t\t\t\t<\/div>\n\t\t\t\t<div class=\"elementor-element elementor-element-967fbca zerbimek-post__see-more elementor-widget elementor-widget-button\" data-id=\"967fbca\" data-element_type=\"widget\" data-widget_type=\"button.default\">\n\t\t\t\t\t\t\t\t\t\t<a class=\"elementor-button elementor-button-link elementor-size-sm\" href=\"https:\/\/zerbimek.com\/fr\/meilleure-entreprise-de-formation-duale-en-gipuzkoa\/\">\n\t\t\t\t\t\t<span class=\"elementor-button-content-wrapper\">\n\t\t\t\t\t\t\t\t\t<span class=\"elementor-button-text\">Leer m\u00e1s<\/span>\n\t\t\t\t\t<\/span>\n\t\t\t\t\t<\/a>\n\t\t\t\t\t\t\t\t<\/div>\n\t\t\t\t<\/div>\n\t\t\t\t\t<\/div>\n\t\t\t\t<\/div>\n\t\t\t\t<\/div>\n\t\t\t\t<\/div>\n\t\t\n\t\t\t\t<div class=\"e-load-more-anchor\" data-page=\"1\" data-max-page=\"7\" data-next-page=\"https:\/\/zerbimek.com\/fr\/wp-json\/wp\/v2\/pages\/6636\/page\/2\/\"><\/div>\n\t\t\t\t<nav class=\"elementor-pagination\" aria-label=\"Pagination\">\n\t\t\t<span class=\"page-numbers prev\"><<\/span>\n<span aria-current=\"page\" class=\"page-numbers current\"><span class=\"elementor-screen-only\">Page<\/span>1<\/span>\n<a class=\"page-numbers\" href=\"https:\/\/zerbimek.com\/fr\/wp-json\/wp\/v2\/pages\/6636\/page\/2\/\"><span class=\"elementor-screen-only\">Page<\/span>2<\/a>\n<a class=\"page-numbers\" href=\"https:\/\/zerbimek.com\/fr\/wp-json\/wp\/v2\/pages\/6636\/page\/3\/\"><span class=\"elementor-screen-only\">Page<\/span>3<\/a>\n<a class=\"page-numbers\" href=\"https:\/\/zerbimek.com\/fr\/wp-json\/wp\/v2\/pages\/6636\/page\/4\/\"><span class=\"elementor-screen-only\">Page<\/span>4<\/a>\n<a class=\"page-numbers\" href=\"https:\/\/zerbimek.com\/fr\/wp-json\/wp\/v2\/pages\/6636\/page\/5\/\"><span class=\"elementor-screen-only\">Page<\/span>5<\/a>\n<a class=\"page-numbers next\" href=\"https:\/\/zerbimek.com\/fr\/wp-json\/wp\/v2\/pages\/6636\/page\/2\/\">><\/a>\t\t<\/nav>\n\t\t\t\t\t\t<\/div>\n\t\t\t\t<\/div>\n\t\t\t\t\t<\/div>\n\t\t\t\t<\/div>\n\t\t<div class=\"elementor-element elementor-element-321c634 contact-cta e-flex e-con-boxed e-con e-parent\" data-id=\"321c634\" data-element_type=\"container\" data-settings=\"{&quot;background_background&quot;:&quot;classic&quot;}\">\n\t\t\t\t\t<div class=\"e-con-inner\">\n\t\t\t\t<div class=\"elementor-element elementor-element-6a46da4 contact-cta__title elementor-widget elementor-widget-heading\" data-id=\"6a46da4\" data-element_type=\"widget\" data-widget_type=\"heading.default\">\n\t\t\t\t\t<h2 class=\"elementor-heading-title elementor-size-default\">Vous souhaitez savoir comment nous pouvons vous aider?<\/h2>\t\t\t\t<\/div>\n\t\t\t\t<div class=\"elementor-element elementor-element-31bde0d btn btn-inverted contact-cta__btn elementor-widget elementor-widget-button\" data-id=\"31bde0d\" data-element_type=\"widget\" data-widget_type=\"button.default\">\n\t\t\t\t\t\t\t\t\t\t<a class=\"elementor-button elementor-button-link elementor-size-sm\" href=\"https:\/\/zerbimek.com\/fr\/contact\/\">\n\t\t\t\t\t\t<span class=\"elementor-button-content-wrapper\">\n\t\t\t\t\t\t\t\t\t<span class=\"elementor-button-text\">contactez-nous<\/span>\n\t\t\t\t\t<\/span>\n\t\t\t\t\t<\/a>\n\t\t\t\t\t\t\t\t<\/div>\n\t\t\t\t\t<\/div>\n\t\t\t\t<\/div>\n\t\t\t\t<\/div>\n\t\t","protected":false},"excerpt":{"rendered":"<p>Nouvelles Vous souhaitez savoir comment nous pouvons vous aider? contactez-nous<\/p>\n","protected":false},"author":2,"featured_media":0,"parent":0,"menu_order":0,"comment_status":"closed","ping_status":"closed","template":"page-template.php","meta":{"inline_featured_image":false,"footnotes":""},"class_list":["post-6636","page","type-page","status-publish","hentry"],"_links":{"self":[{"href":"https:\/\/zerbimek.com\/fr\/wp-json\/wp\/v2\/pages\/6636","targetHints":{"allow":["GET"]}}],"collection":[{"href":"https:\/\/zerbimek.com\/fr\/wp-json\/wp\/v2\/pages"}],"about":[{"href":"https:\/\/zerbimek.com\/fr\/wp-json\/wp\/v2\/types\/page"}],"author":[{"embeddable":true,"href":"https:\/\/zerbimek.com\/fr\/wp-json\/wp\/v2\/users\/2"}],"replies":[{"embeddable":true,"href":"https:\/\/zerbimek.com\/fr\/wp-json\/wp\/v2\/comments?post=6636"}],"version-history":[{"count":10,"href":"https:\/\/zerbimek.com\/fr\/wp-json\/wp\/v2\/pages\/6636\/revisions"}],"predecessor-version":[{"id":6911,"href":"https:\/\/zerbimek.com\/fr\/wp-json\/wp\/v2\/pages\/6636\/revisions\/6911"}],"wp:attachment":[{"href":"https:\/\/zerbimek.com\/fr\/wp-json\/wp\/v2\/media?parent=6636"}],"curies":[{"name":"wp","href":"https:\/\/api.w.org\/{rel}","templated":true}]}}