{"id":6318,"date":"2026-03-09T16:11:10","date_gmt":"2026-03-09T15:11:10","guid":{"rendered":"https:\/\/zerbimek.climascomunicacion.com\/?page_id=6318"},"modified":"2026-04-14T09:44:30","modified_gmt":"2026-04-14T07:44:30","slug":"contact","status":"publish","type":"page","link":"https:\/\/zerbimek.com\/fr\/contact\/","title":{"rendered":"Contact"},"content":{"rendered":"\t\t<div data-elementor-type=\"wp-page\" data-elementor-id=\"6318\" class=\"elementor elementor-6318 elementor-5796\" data-elementor-post-type=\"page\">\n\t\t\t\t<div class=\"elementor-element elementor-element-5661931d page-header mecanizado-header e-flex e-con-boxed e-con e-parent\" data-id=\"5661931d\" data-element_type=\"container\" data-settings=\"{&quot;background_background&quot;:&quot;classic&quot;}\">\n\t\t\t\t\t<div class=\"e-con-inner\">\n\t\t\t\t<div class=\"elementor-element elementor-element-49c56acd page-header__title elementor-widget elementor-widget-heading\" data-id=\"49c56acd\" data-element_type=\"widget\" data-widget_type=\"heading.default\">\n\t\t\t\t\t<h1 class=\"elementor-heading-title elementor-size-default\">Contact<\/h1>\t\t\t\t<\/div>\n\t\t\t\t<div class=\"elementor-element elementor-element-12027fbf header-z elementor-widget elementor-widget-image\" data-id=\"12027fbf\" data-element_type=\"widget\" data-widget_type=\"image.default\">\n\t\t\t\t\t\t\t\t\t\t\t\t\t\t\t<img decoding=\"async\" src=\"https:\/\/zerbimek.com\/wp-content\/uploads\/2026\/01\/big-z.svg\" title=\"big-z\" alt=\"big-z\" loading=\"lazy\" \/>\t\t\t\t\t\t\t\t\t\t\t\t\t\t\t<\/div>\n\t\t\t\t\t<\/div>\n\t\t\t\t<\/div>\n\t\t<div class=\"elementor-element elementor-element-8e610cf subheader e-flex e-con-boxed e-con e-parent\" data-id=\"8e610cf\" data-element_type=\"container\">\n\t\t\t\t\t<div class=\"e-con-inner\">\n\t\t\t\t<div class=\"elementor-element elementor-element-1c3e81ee subheader__title elementor-widget elementor-widget-heading\" data-id=\"1c3e81ee\" data-element_type=\"widget\" data-widget_type=\"heading.default\">\n\t\t\t\t\t<h2 class=\"elementor-heading-title elementor-size-default\">Contactez-nous<\/h2>\t\t\t\t<\/div>\n\t\t\t\t<div class=\"elementor-element elementor-element-1f80c13d subheader__text elementor-widget elementor-widget-text-editor\" data-id=\"1f80c13d\" data-element_type=\"widget\" data-widget_type=\"text-editor.default\">\n\t\t\t\t\t\t\t\t\t<p>Vous pouvez nous contacter pour toute question ou demande de devis par t\u00e9l\u00e9phone, par e-mail ou en remplissant le formulaire suivant. Nous vous r\u00e9pondrons dans les plus brefs d\u00e9lais.<\/p>\t\t\t\t\t\t\t\t<\/div>\n\t\t\t\t\t<\/div>\n\t\t\t\t<\/div>\n\t\t<div class=\"elementor-element elementor-element-15a4a0e6 contacto-content e-flex e-con-boxed e-con e-parent\" data-id=\"15a4a0e6\" data-element_type=\"container\">\n\t\t\t\t\t<div class=\"e-con-inner\">\n\t\t<div class=\"elementor-element elementor-element-5d0d5fbe e-con-full contacto-data-col e-flex e-con e-child\" data-id=\"5d0d5fbe\" data-element_type=\"container\">\n\t\t\t\t<div class=\"elementor-element elementor-element-7965ed80 contacto-data-title elementor-widget elementor-widget-text-editor\" data-id=\"7965ed80\" data-element_type=\"widget\" data-widget_type=\"text-editor.default\">\n\t\t\t\t\t\t\t\t\t<p>O\u00f9 nous trouver<\/p>\t\t\t\t\t\t\t\t<\/div>\n\t\t\t\t<div class=\"elementor-element elementor-element-5d47f4f4 contacto__address elementor-widget elementor-widget-text-editor\" data-id=\"5d47f4f4\" data-element_type=\"widget\" data-widget_type=\"text-editor.default\">\n\t\t\t\t\t\t\t\t\t<p>Zone Industrielle Markulete<br \/>Rue Ekutio 4, Pavillon 26<br \/>20500 ARRASATE-MONDRAG\u00d3N<\/p>\t\t\t\t\t\t\t\t<\/div>\n\t\t\t\t<div class=\"elementor-element elementor-element-4e6bc7ad contacto__google-maps elementor-widget elementor-widget-text-editor\" data-id=\"4e6bc7ad\" data-element_type=\"widget\" data-widget_type=\"text-editor.default\">\n\t\t\t\t\t\t\t\t\t<p><a href=\"https:\/\/maps.app.goo.gl\/cRAmfNZAD7od3t7aA\" target=\"_blank\" rel=\"noopener\">VOIR SUR GOOGLE MAPS<\/a><\/p>\t\t\t\t\t\t\t\t<\/div>\n\t\t\t\t<div class=\"elementor-element elementor-element-2ec86a0a contacto__tel elementor-widget elementor-widget-text-editor\" data-id=\"2ec86a0a\" data-element_type=\"widget\" data-widget_type=\"text-editor.default\">\n\t\t\t\t\t\t\t\t\t<p><a href=\"tel:+34943080366\">+34 943 08 03 66<\/a><\/p>\t\t\t\t\t\t\t\t<\/div>\n\t\t\t\t<div class=\"elementor-element elementor-element-21aef0b5 contacto__email elementor-widget elementor-widget-text-editor\" data-id=\"21aef0b5\" data-element_type=\"widget\" data-widget_type=\"text-editor.default\">\n\t\t\t\t\t\t\t\t\t<p><a href=\"mailto:zerbimek@zerbimek.com\">zerbimek@zerbimek.com<\/a><\/p>\t\t\t\t\t\t\t\t<\/div>\n\t\t\t\t<\/div>\n\t\t<div class=\"elementor-element elementor-element-a8758c e-con-full contacto-form-col e-flex e-con e-child\" data-id=\"a8758c\" data-element_type=\"container\">\n\t\t\t\t<div class=\"elementor-element elementor-element-5cce02bd contacto__form elementor-button-align-stretch elementor-widget elementor-widget-form\" data-id=\"5cce02bd\" data-element_type=\"widget\" data-settings=\"{&quot;step_next_label&quot;:&quot;Siguiente&quot;,&quot;step_previous_label&quot;:&quot;Anterior&quot;,&quot;button_width&quot;:&quot;100&quot;,&quot;step_type&quot;:&quot;number_text&quot;,&quot;step_icon_shape&quot;:&quot;circle&quot;}\" data-widget_type=\"form.default\">\n\t\t\t\t\t\t\t<form class=\"elementor-form\" method=\"post\" name=\"Nuevo formulario\" aria-label=\"Nuevo formulario\">\n\t\t\t<input type=\"hidden\" name=\"post_id\" value=\"6318\"\/>\n\t\t\t<input type=\"hidden\" name=\"form_id\" value=\"5cce02bd\"\/>\n\t\t\t<input type=\"hidden\" name=\"referer_title\" value=\"Contact - Zerbimek\" \/>\n\n\t\t\t\t\t\t\t<input type=\"hidden\" name=\"queried_id\" value=\"6318\"\/>\n\t\t\t\n\t\t\t<div class=\"elementor-form-fields-wrapper elementor-labels-above\">\n\t\t\t\t\t\t\t\t<div class=\"elementor-field-type-text elementor-field-group elementor-column elementor-field-group-name elementor-col-100\">\n\t\t\t\t\t\t\t\t\t\t\t\t<label for=\"form-field-name\" class=\"elementor-field-label\">\n\t\t\t\t\t\t\t\tNom\t\t\t\t\t\t\t<\/label>\n\t\t\t\t\t\t\t\t\t\t\t\t\t\t<input size=\"1\" type=\"text\" name=\"form_fields[name]\" id=\"form-field-name\" class=\"elementor-field elementor-size-sm  elementor-field-textual\">\n\t\t\t\t\t\t\t\t\t\t\t<\/div>\n\t\t\t\t\t\t\t\t<div class=\"elementor-field-type-email elementor-field-group elementor-column elementor-field-group-email elementor-col-60 elementor-field-required\">\n\t\t\t\t\t\t\t\t\t\t\t\t<label for=\"form-field-email\" class=\"elementor-field-label\">\n\t\t\t\t\t\t\t\tEmail\t\t\t\t\t\t\t<\/label>\n\t\t\t\t\t\t\t\t\t\t\t\t\t\t<input size=\"1\" type=\"email\" name=\"form_fields[email]\" id=\"form-field-email\" class=\"elementor-field elementor-size-sm  elementor-field-textual\" required=\"required\">\n\t\t\t\t\t\t\t\t\t\t\t<\/div>\n\t\t\t\t\t\t\t\t<div class=\"elementor-field-type-text elementor-field-group elementor-column elementor-field-group-field_a88a209 elementor-col-40\">\n\t\t\t\t\t\t\t\t\t\t\t\t<label for=\"form-field-field_a88a209\" class=\"elementor-field-label\">\n\t\t\t\t\t\t\t\tT\u00e9l\u00e9phone\t\t\t\t\t\t\t<\/label>\n\t\t\t\t\t\t\t\t\t\t\t\t\t\t<input size=\"1\" type=\"text\" name=\"form_fields[field_a88a209]\" id=\"form-field-field_a88a209\" class=\"elementor-field elementor-size-sm  elementor-field-textual\">\n\t\t\t\t\t\t\t\t\t\t\t<\/div>\n\t\t\t\t\t\t\t\t<div class=\"elementor-field-type-textarea elementor-field-group elementor-column elementor-field-group-message elementor-col-100\">\n\t\t\t\t\t\t\t\t\t\t\t\t<label for=\"form-field-message\" class=\"elementor-field-label\">\n\t\t\t\t\t\t\t\tMessage\t\t\t\t\t\t\t<\/label>\n\t\t\t\t\t\t<textarea class=\"elementor-field-textual elementor-field  elementor-size-sm\" name=\"form_fields[message]\" id=\"form-field-message\" rows=\"7\"><\/textarea>\t\t\t\t<\/div>\n\t\t\t\t\t\t\t\t<div class=\"elementor-field-type-acceptance elementor-field-group elementor-column elementor-field-group-field_221169f elementor-col-100 elementor-field-required\">\n\t\t\t\t\t\t\t<div class=\"elementor-field-subgroup\">\n\t\t\t<span class=\"elementor-field-option\">\n\t\t\t\t<input type=\"checkbox\" name=\"form_fields[field_221169f]\" id=\"form-field-field_221169f\" class=\"elementor-field elementor-size-sm  elementor-acceptance-field\" required=\"required\">\n\t\t\t\t<label for=\"form-field-field_221169f\">J\u2019ai lu et j\u2019accepte la <a href=\"https:\/\/zerbimek.com\/aviso-legal\">politique de confidentialit\u00e9<\/a><\/label>\t\t\t<\/span>\n\t\t<\/div>\n\t\t\t\t\t\t<\/div>\n\t\t\t\t\t\t\t\t<div class=\"elementor-field-group elementor-column elementor-field-type-submit elementor-col-100 e-form__buttons\">\n\t\t\t\t\t<button class=\"elementor-button elementor-size-sm\" type=\"submit\">\n\t\t\t\t\t\t<span class=\"elementor-button-content-wrapper\">\n\t\t\t\t\t\t\t\t\t\t\t\t\t\t\t\t\t\t\t\t\t\t<span class=\"elementor-button-text\">Envoyer<\/span>\n\t\t\t\t\t\t\t\t\t\t\t\t\t<\/span>\n\t\t\t\t\t<\/button>\n\t\t\t\t<\/div>\n\t\t\t<\/div>\n\t\t<\/form>\n\t\t\t\t\t\t<\/div>\n\t\t\t\t<\/div>\n\t\t\t\t\t<\/div>\n\t\t\t\t<\/div>\n\t\t<div class=\"elementor-element elementor-element-c2e3d55 e-flex e-con-boxed e-con e-parent\" data-id=\"c2e3d55\" data-element_type=\"container\">\n\t\t\t\t\t<div class=\"e-con-inner\">\n\t\t\t\t<div class=\"elementor-element elementor-element-2cfc3543 elementor-widget elementor-widget-image\" data-id=\"2cfc3543\" data-element_type=\"widget\" data-widget_type=\"image.default\">\n\t\t\t\t\t\t\t\t\t\t\t\t\t\t\t<img fetchpriority=\"high\" decoding=\"async\" width=\"1514\" height=\"927\" src=\"https:\/\/zerbimek.com\/wp-content\/uploads\/2026\/04\/mapa-zerbimek.jpg\" class=\"attachment-full size-full wp-image-7223\" alt=\"\" srcset=\"https:\/\/zerbimek.com\/wp-content\/uploads\/2026\/04\/mapa-zerbimek.jpg 1514w, https:\/\/zerbimek.com\/wp-content\/uploads\/2026\/04\/mapa-zerbimek-300x184.jpg 300w, https:\/\/zerbimek.com\/wp-content\/uploads\/2026\/04\/mapa-zerbimek-1024x627.jpg 1024w, https:\/\/zerbimek.com\/wp-content\/uploads\/2026\/04\/mapa-zerbimek-768x470.jpg 768w\" sizes=\"(max-width: 1514px) 100vw, 1514px\" \/>\t\t\t\t\t\t\t\t\t\t\t\t\t\t\t<\/div>\n\t\t\t\t\t<\/div>\n\t\t\t\t<\/div>\n\t\t\t\t<\/div>\n\t\t","protected":false},"excerpt":{"rendered":"<p>Contact Contactez-nous Vous pouvez nous contacter pour toute question ou demande de devis par t\u00e9l\u00e9phone, par e-mail ou en remplissant le formulaire suivant. Nous vous r\u00e9pondrons dans les plus brefs d\u00e9lais. O\u00f9 nous trouver Zone Industrielle MarkuleteRue Ekutio 4, Pavillon 2620500 ARRASATE-MONDRAG\u00d3N VOIR SUR GOOGLE MAPS +34 943 08 03 66 zerbimek@zerbimek.com<\/p>\n","protected":false},"author":2,"featured_media":0,"parent":0,"menu_order":0,"comment_status":"closed","ping_status":"closed","template":"page-template.php","meta":{"inline_featured_image":false,"footnotes":""},"class_list":["post-6318","page","type-page","status-publish","hentry"],"_links":{"self":[{"href":"https:\/\/zerbimek.com\/fr\/wp-json\/wp\/v2\/pages\/6318","targetHints":{"allow":["GET"]}}],"collection":[{"href":"https:\/\/zerbimek.com\/fr\/wp-json\/wp\/v2\/pages"}],"about":[{"href":"https:\/\/zerbimek.com\/fr\/wp-json\/wp\/v2\/types\/page"}],"author":[{"embeddable":true,"href":"https:\/\/zerbimek.com\/fr\/wp-json\/wp\/v2\/users\/2"}],"replies":[{"embeddable":true,"href":"https:\/\/zerbimek.com\/fr\/wp-json\/wp\/v2\/comments?post=6318"}],"version-history":[{"count":16,"href":"https:\/\/zerbimek.com\/fr\/wp-json\/wp\/v2\/pages\/6318\/revisions"}],"predecessor-version":[{"id":7235,"href":"https:\/\/zerbimek.com\/fr\/wp-json\/wp\/v2\/pages\/6318\/revisions\/7235"}],"wp:attachment":[{"href":"https:\/\/zerbimek.com\/fr\/wp-json\/wp\/v2\/media?parent=6318"}],"curies":[{"name":"wp","href":"https:\/\/api.w.org\/{rel}","templated":true}]}}