{"id":6292,"date":"2026-03-09T15:56:19","date_gmt":"2026-03-09T14:56:19","guid":{"rendered":"https:\/\/zerbimek.climascomunicacion.com\/?page_id=6292"},"modified":"2026-03-27T13:04:12","modified_gmt":"2026-03-27T12:04:12","slug":"qualite","status":"publish","type":"page","link":"https:\/\/zerbimek.com\/fr\/qualite\/","title":{"rendered":"Qualit\u00e9"},"content":{"rendered":"\t\t<div data-elementor-type=\"wp-page\" data-elementor-id=\"6292\" class=\"elementor elementor-6292 elementor-5780\" data-elementor-post-type=\"page\">\n\t\t\t\t<div class=\"elementor-element elementor-element-60fdd9dc page-header mecanizado-header e-flex e-con-boxed e-con e-parent\" data-id=\"60fdd9dc\" data-element_type=\"container\" data-settings=\"{&quot;background_background&quot;:&quot;classic&quot;}\">\n\t\t\t\t\t<div class=\"e-con-inner\">\n\t\t\t\t<div class=\"elementor-element elementor-element-3c9a2964 page-header__caption elementor-invisible elementor-widget elementor-widget-text-editor\" data-id=\"3c9a2964\" data-element_type=\"widget\" data-settings=\"{&quot;_animation&quot;:&quot;fadeInUp&quot;}\" data-widget_type=\"text-editor.default\">\n\t\t\t\t\t\t\t\t\t<p>Qualit\u00e9<\/p>\t\t\t\t\t\t\t\t<\/div>\n\t\t\t\t<div class=\"elementor-element elementor-element-1120f1f page-header__title elementor-invisible elementor-widget elementor-widget-heading\" data-id=\"1120f1f\" data-element_type=\"widget\" data-settings=\"{&quot;_animation&quot;:&quot;fadeInUp&quot;}\" data-widget_type=\"heading.default\">\n\t\t\t\t\t<h1 class=\"elementor-heading-title elementor-size-default\">Pr\u00e9cision et engagement<\/h1>\t\t\t\t<\/div>\n\t\t\t\t<div class=\"elementor-element elementor-element-5017dd5b header-z elementor-widget elementor-widget-image\" data-id=\"5017dd5b\" data-element_type=\"widget\" data-widget_type=\"image.default\">\n\t\t\t\t\t\t\t\t\t\t\t\t\t\t\t<img decoding=\"async\" src=\"https:\/\/zerbimek.com\/wp-content\/uploads\/2026\/01\/big-z.svg\" title=\"big-z\" alt=\"big-z\" loading=\"lazy\" \/>\t\t\t\t\t\t\t\t\t\t\t\t\t\t\t<\/div>\n\t\t\t\t\t<\/div>\n\t\t\t\t<\/div>\n\t\t<div class=\"elementor-element elementor-element-7463cbb8 subheader e-flex e-con-boxed e-con e-parent\" data-id=\"7463cbb8\" data-element_type=\"container\">\n\t\t\t\t\t<div class=\"e-con-inner\">\n\t\t\t\t<div class=\"elementor-element elementor-element-30771ec5 subheader__title elementor-invisible elementor-widget elementor-widget-heading\" data-id=\"30771ec5\" data-element_type=\"widget\" data-settings=\"{&quot;_animation&quot;:&quot;fadeInUp&quot;}\" data-widget_type=\"heading.default\">\n\t\t\t\t\t<h2 class=\"elementor-heading-title elementor-size-default\">Qualit\u00e9 et am\u00e9lioration continue<\/h2>\t\t\t\t<\/div>\n\t\t\t\t<div class=\"elementor-element elementor-element-3d53c1d7 subheader__text elementor-invisible elementor-widget elementor-widget-text-editor\" data-id=\"3d53c1d7\" data-element_type=\"widget\" data-settings=\"{&quot;_animation&quot;:&quot;fadeInUp&quot;}\" data-widget_type=\"text-editor.default\">\n\t\t\t\t\t\t\t\t\t<p>Chez Zerbimek, la qualit\u00e9 n\u2019est pas un objectif final, mais le point de d\u00e9part de tout ce que nous faisons. En tant qu\u2019entreprise d\u2019usinage CNC orient\u00e9e vers des secteurs tr\u00e8s exigeants, nous travaillons selon un syst\u00e8me d\u2019am\u00e9lioration continue, en combinant exp\u00e9rience, technologie et conseil technique afin de garantir l\u2019excellence dans chaque projet.<\/p>\t\t\t\t\t\t\t\t<\/div>\n\t\t\t\t\t<\/div>\n\t\t\t\t<\/div>\n\t\t<div class=\"elementor-element elementor-element-707ef101 calidad-text-row e-flex e-con-boxed e-con e-parent\" data-id=\"707ef101\" data-element_type=\"container\">\n\t\t\t\t\t<div class=\"e-con-inner\">\n\t\t<div class=\"elementor-element elementor-element-414d8ca6 e-con-full calidad-text-row__title-col e-flex e-con e-child\" data-id=\"414d8ca6\" data-element_type=\"container\">\n\t\t\t\t<div class=\"elementor-element elementor-element-7e99b98 calidad-text-row__title elementor-invisible elementor-widget elementor-widget-heading\" data-id=\"7e99b98\" data-element_type=\"widget\" data-settings=\"{&quot;_animation&quot;:&quot;fadeInUp&quot;}\" data-widget_type=\"heading.default\">\n\t\t\t\t\t<h2 class=\"elementor-heading-title elementor-size-default\">Politique qualit\u00e9 et am\u00e9lioration continue<\/h2>\t\t\t\t<\/div>\n\t\t\t\t<\/div>\n\t\t<div class=\"elementor-element elementor-element-1580a16e e-con-full calidad-text-row__content-col e-flex e-con e-child\" data-id=\"1580a16e\" data-element_type=\"container\">\n\t\t\t\t<div class=\"elementor-element elementor-element-5d0526b5 calidad-text-row__text elementor-invisible elementor-widget elementor-widget-text-editor\" data-id=\"5d0526b5\" data-element_type=\"widget\" data-settings=\"{&quot;_animation&quot;:&quot;fadeInUp&quot;}\" data-widget_type=\"text-editor.default\">\n\t\t\t\t\t\t\t\t\t<p><span style=\"font-weight: 400;\">ZERBIMEK fonde son engagement en mati\u00e8re de qualit\u00e9 sur les principes suivants de sa <\/span><b>Politique Qualit\u00e9<\/b><span style=\"font-weight: 400;\"> :<\/span><\/p><ul><li style=\"font-weight: 400;\" aria-level=\"1\"><span style=\"font-weight: 400;\">La bonne mise en \u0153uvre et l\u2019am\u00e9lioration continue du <\/span><b>Syst\u00e8me de Management de la Qualit\u00e9<\/b><span style=\"font-weight: 400;\"> sont la responsabilit\u00e9 de tous et b\u00e9n\u00e9ficient du soutien total de la direction.<\/span><\/li><li style=\"font-weight: 400;\" aria-level=\"1\"><span style=\"font-weight: 400;\">La qualit\u00e9 du service constitue une base essentielle pour notre <\/span><b>croissance \u00e9conomique<\/b><span style=\"font-weight: 400;\">.<\/span><span style=\"font-weight: 400;\"><br \/><\/span><\/li><li style=\"font-weight: 400;\" aria-level=\"1\"><span style=\"font-weight: 400;\">L\u2019am\u00e9lioration de nos services passe par l\u2019am\u00e9lioration constante de nos <\/span><b>ressources humaines et mat\u00e9rielles<\/b><span style=\"font-weight: 400;\">.<\/span><span style=\"font-weight: 400;\"><br \/><\/span><\/li><li style=\"font-weight: 400;\" aria-level=\"1\"><span style=\"font-weight: 400;\">La satisfaction des clients est obtenue gr\u00e2ce \u00e0 l\u2019application efficace du syst\u00e8me de qualit\u00e9 : mesure de la satisfaction, gestion rapide des r\u00e9clamations, pr\u00e9vention des non-conformit\u00e9s et suivi d\u2019indicateurs qualit\u00e9.<\/span><\/li><\/ul>\t\t\t\t\t\t\t\t<\/div>\n\t\t\t\t<div class=\"elementor-element elementor-element-3982485b btn btn-primary calidad-text-row__btn elementor-invisible elementor-widget elementor-widget-button\" data-id=\"3982485b\" data-element_type=\"widget\" data-settings=\"{&quot;_animation&quot;:&quot;fadeInUp&quot;}\" data-widget_type=\"button.default\">\n\t\t\t\t\t\t\t\t\t\t<a class=\"elementor-button elementor-button-link elementor-size-sm\" href=\"https:\/\/www.zerbimek.com\/wp-content\/uploads\/2022\/11\/POLITICA-DE-CALIDAD_01-ZERBIMEK-20200127.pdf\" target=\"_blank\">\n\t\t\t\t\t\t<span class=\"elementor-button-content-wrapper\">\n\t\t\t\t\t\t\t\t\t<span class=\"elementor-button-text\">Politique qualit\u00e9<\/span>\n\t\t\t\t\t<\/span>\n\t\t\t\t\t<\/a>\n\t\t\t\t\t\t\t\t<\/div>\n\t\t\t\t<\/div>\n\t\t\t\t\t<\/div>\n\t\t\t\t<\/div>\n\t\t<div class=\"elementor-element elementor-element-4588a49d calidad-text-row e-flex e-con-boxed e-con e-parent\" data-id=\"4588a49d\" data-element_type=\"container\">\n\t\t\t\t\t<div class=\"e-con-inner\">\n\t\t<div class=\"elementor-element elementor-element-51c48e69 e-con-full calidad-text-row__title-col e-flex e-con e-child\" data-id=\"51c48e69\" data-element_type=\"container\">\n\t\t\t\t<div class=\"elementor-element elementor-element-b2bed40 calidad-text-row__title elementor-invisible elementor-widget elementor-widget-heading\" data-id=\"b2bed40\" data-element_type=\"widget\" data-settings=\"{&quot;_animation&quot;:&quot;fadeInUp&quot;}\" data-widget_type=\"heading.default\">\n\t\t\t\t\t<h2 class=\"elementor-heading-title elementor-size-default\">Le conseil technique comme base de la qualit\u00e9<\/h2>\t\t\t\t<\/div>\n\t\t\t\t<\/div>\n\t\t<div class=\"elementor-element elementor-element-71e8800c e-con-full calidad-text-row__content-col e-flex e-con e-child\" data-id=\"71e8800c\" data-element_type=\"container\">\n\t\t\t\t<div class=\"elementor-element elementor-element-77194a8f calidad-text-row__text elementor-invisible elementor-widget elementor-widget-text-editor\" data-id=\"77194a8f\" data-element_type=\"widget\" data-settings=\"{&quot;_animation&quot;:&quot;fadeInUp&quot;}\" data-widget_type=\"text-editor.default\">\n\t\t\t\t\t\t\t\t\t<p>Notre diff\u00e9rence r\u00e9side dans la mani\u00e8re dont nous accompagnons nos clients.<br \/>Nous nous int\u00e9grons dans leur cha\u00eene de valeur d\u00e8s la phase de conception ou d\u2019approvisionnement, en proposant des conseils sur les mat\u00e9riaux et les proc\u00e9d\u00e9s afin de garantir des pi\u00e8ces efficaces, fonctionnelles et optimis\u00e9es en termes de co\u00fbt et de production.<\/p><p><span style=\"font-weight: 400;\">Des <\/span><b>prototypes aux petites s\u00e9ries<\/b><span style=\"font-weight: 400;\">, chaque projet d\u2019usinage est une solution personnalis\u00e9e.<\/span><\/p>\t\t\t\t\t\t\t\t<\/div>\n\t\t\t\t<\/div>\n\t\t\t\t\t<\/div>\n\t\t\t\t<\/div>\n\t\t<div class=\"elementor-element elementor-element-65443c4e calidad-text-row e-flex e-con-boxed e-con e-parent\" data-id=\"65443c4e\" data-element_type=\"container\">\n\t\t\t\t\t<div class=\"e-con-inner\">\n\t\t<div class=\"elementor-element elementor-element-14c8d60b e-con-full calidad-text-row__title-col e-flex e-con e-child\" data-id=\"14c8d60b\" data-element_type=\"container\">\n\t\t\t\t<div class=\"elementor-element elementor-element-777081d2 calidad-text-row__title elementor-invisible elementor-widget elementor-widget-heading\" data-id=\"777081d2\" data-element_type=\"widget\" data-settings=\"{&quot;_animation&quot;:&quot;fadeInUp&quot;}\" data-widget_type=\"heading.default\">\n\t\t\t\t\t<h2 class=\"elementor-heading-title elementor-size-default\">Certification ISO 9001<\/h2>\t\t\t\t<\/div>\n\t\t\t\t<\/div>\n\t\t<div class=\"elementor-element elementor-element-45cece70 e-con-full calidad-text-row__content-col e-flex e-con e-child\" data-id=\"45cece70\" data-element_type=\"container\">\n\t\t\t\t<div class=\"elementor-element elementor-element-429f1fb4 calidad-text-row__text elementor-invisible elementor-widget elementor-widget-text-editor\" data-id=\"429f1fb4\" data-element_type=\"widget\" data-settings=\"{&quot;_animation&quot;:&quot;fadeInUp&quot;}\" data-widget_type=\"text-editor.default\">\n\t\t\t\t\t\t\t\t\t<p><span style=\"font-weight: 400;\">Nous sommes certifi\u00e9s <\/span><b>ISO 9001<\/b><span style=\"font-weight: 400;\">, norme internationale garantissant un <\/span><b>syst\u00e8me de gestion de la qualit\u00e9 rigoureux, tra\u00e7able et orient\u00e9 vers l\u2019am\u00e9lioration continue<\/b><span style=\"font-weight: 400;\">.<\/span><\/p><p><span style=\"font-weight: 400;\">Cette certification renforce notre engagement envers une <\/span><b>fabrication contr\u00f4l\u00e9e et document\u00e9e<\/b><span style=\"font-weight: 400;\">, essentielle pour des secteurs tels que <\/span><b>l\u2019automobile, les biens d\u2019\u00e9quipement et l\u2019a\u00e9ronautique<\/b><span style=\"font-weight: 400;\">.<\/span><\/p>\t\t\t\t\t\t\t\t<\/div>\n\t\t\t\t<div class=\"elementor-element elementor-element-1c7e31a4 btn btn-primary calidad-text-row__btn elementor-invisible elementor-widget elementor-widget-button\" data-id=\"1c7e31a4\" data-element_type=\"widget\" data-settings=\"{&quot;_animation&quot;:&quot;fadeInUp&quot;}\" data-widget_type=\"button.default\">\n\t\t\t\t\t\t\t\t\t\t<a class=\"elementor-button elementor-button-link elementor-size-sm\" href=\"https:\/\/www.zerbimek.com\/wp-content\/uploads\/2025\/10\/ISO9001-ESP.pdf\" target=\"_blank\">\n\t\t\t\t\t\t<span class=\"elementor-button-content-wrapper\">\n\t\t\t\t\t\t\t\t\t<span class=\"elementor-button-text\">ISO 9001<\/span>\n\t\t\t\t\t<\/span>\n\t\t\t\t\t<\/a>\n\t\t\t\t\t\t\t\t<\/div>\n\t\t\t\t<\/div>\n\t\t\t\t\t<\/div>\n\t\t\t\t<\/div>\n\t\t<div class=\"elementor-element elementor-element-59c79ef6 calidad-video elementor-hidden-desktop elementor-hidden-tablet elementor-hidden-mobile e-flex e-con-boxed e-con e-parent\" data-id=\"59c79ef6\" data-element_type=\"container\">\n\t\t\t\t\t<div class=\"e-con-inner\">\n\t\t\t\t<div class=\"elementor-element elementor-element-507a96c1 elementor-widget elementor-widget-video\" data-id=\"507a96c1\" data-element_type=\"widget\" data-settings=\"{&quot;youtube_url&quot;:&quot;https:\\\/\\\/www.youtube.com\\\/watch?v=XHOmBV4js_E&quot;,&quot;video_type&quot;:&quot;youtube&quot;,&quot;controls&quot;:&quot;yes&quot;}\" data-widget_type=\"video.default\">\n\t\t\t\t\t\t\t<div class=\"elementor-wrapper elementor-open-inline\">\n\t\t\t<div class=\"elementor-video\"><\/div>\t\t<\/div>\n\t\t\t\t\t\t<\/div>\n\t\t\t\t\t<\/div>\n\t\t\t\t<\/div>\n\t\t<div class=\"elementor-element elementor-element-42ba5cf2 calidad-block4 elementor-hidden-desktop elementor-hidden-tablet elementor-hidden-mobile e-flex e-con-boxed e-con e-parent\" data-id=\"42ba5cf2\" data-element_type=\"container\" data-settings=\"{&quot;background_background&quot;:&quot;classic&quot;}\">\n\t\t\t\t\t<div class=\"e-con-inner\">\n\t\t\t\t<div class=\"elementor-element elementor-element-5a679169 calidad-block4__text elementor-invisible elementor-widget elementor-widget-text-editor\" data-id=\"5a679169\" data-element_type=\"widget\" data-settings=\"{&quot;_animation&quot;:&quot;fadeInUp&quot;}\" data-widget_type=\"text-editor.default\">\n\t\t\t\t\t\t\t\t\t<p>Chez <strong>Zerbimek<\/strong>, nous ne livrons pas seulement des pi\u00e8ces usin\u00e9es: <strong>nous livrons \u00e9galement la confiance technique.<\/strong><\/p>\t\t\t\t\t\t\t\t<\/div>\n\t\t\t\t<div class=\"elementor-element elementor-element-51c63155 calidad-block4__big-z elementor-invisible elementor-widget elementor-widget-image\" data-id=\"51c63155\" data-element_type=\"widget\" data-settings=\"{&quot;_animation&quot;:&quot;fadeInUp&quot;}\" data-widget_type=\"image.default\">\n\t\t\t\t\t\t\t\t\t\t\t\t\t\t\t<img decoding=\"async\" src=\"https:\/\/zerbimek.com\/wp-content\/uploads\/2026\/01\/z-white.svg\" title=\"z-white\" alt=\"z-white\" loading=\"lazy\" \/>\t\t\t\t\t\t\t\t\t\t\t\t\t\t\t<\/div>\n\t\t\t\t\t<\/div>\n\t\t\t\t<\/div>\n\t\t<div class=\"elementor-element elementor-element-54e7ee9b e-grid side-by-side-cta e-con-boxed e-con e-parent\" data-id=\"54e7ee9b\" data-element_type=\"container\">\n\t\t\t\t\t<div class=\"e-con-inner\">\n\t\t<div class=\"elementor-element elementor-element-49958c82 e-con-full side-by-side-cta__col e-flex e-con e-child\" data-id=\"49958c82\" data-element_type=\"container\" data-settings=\"{&quot;background_background&quot;:&quot;classic&quot;}\">\n\t\t\t\t<div class=\"elementor-element elementor-element-62f123b1 side-by-side-cta__title elementor-invisible elementor-widget elementor-widget-text-editor\" data-id=\"62f123b1\" data-element_type=\"widget\" data-settings=\"{&quot;_animation&quot;:&quot;fadeInUp&quot;}\" data-widget_type=\"text-editor.default\">\n\t\t\t\t\t\t\t\t\t<p>Qualit\u00e9 et am\u00e9lioration continue<\/p>\t\t\t\t\t\t\t\t<\/div>\n\t\t\t\t<div class=\"elementor-element elementor-element-214eb451 side-by-side-cta__text elementor-invisible elementor-widget elementor-widget-text-editor\" data-id=\"214eb451\" data-element_type=\"widget\" data-settings=\"{&quot;_animation&quot;:&quot;fadeInUp&quot;}\" data-widget_type=\"text-editor.default\">\n\t\t\t\t\t\t\t\t\t<p>Zerbimek est une entreprise d\u2019usinage CNC de pr\u00e9cision situ\u00e9e \u00e0 Arrasate.<br \/>Notre \u00e9quipe qualifi\u00e9e peut vous accompagner dans vos projets.<\/p>\t\t\t\t\t\t\t\t<\/div>\n\t\t\t\t<div class=\"elementor-element elementor-element-3fcd5fdd btn btn-primary side-by-side-cta__btn elementor-invisible elementor-widget elementor-widget-button\" data-id=\"3fcd5fdd\" data-element_type=\"widget\" data-settings=\"{&quot;_animation&quot;:&quot;fadeInUp&quot;}\" data-widget_type=\"button.default\">\n\t\t\t\t\t\t\t\t\t\t<a class=\"elementor-button elementor-button-link elementor-size-sm\" href=\"https:\/\/zerbimek.com\/fr\/a-propos-de-nous\/\">\n\t\t\t\t\t\t<span class=\"elementor-button-content-wrapper\">\n\t\t\t\t\t\t\t\t\t<span class=\"elementor-button-text\">D\u00e9couvrir Zerbimek<\/span>\n\t\t\t\t\t<\/span>\n\t\t\t\t\t<\/a>\n\t\t\t\t\t\t\t\t<\/div>\n\t\t\t\t<\/div>\n\t\t<div class=\"elementor-element elementor-element-795e708e e-con-full side-by-side-cta__col e-flex e-con e-child\" data-id=\"795e708e\" data-element_type=\"container\" data-settings=\"{&quot;background_background&quot;:&quot;classic&quot;}\">\n\t\t\t\t<div class=\"elementor-element elementor-element-3863f7f7 side-by-side-cta__title elementor-invisible elementor-widget elementor-widget-text-editor\" data-id=\"3863f7f7\" data-element_type=\"widget\" data-settings=\"{&quot;_animation&quot;:&quot;fadeInUp&quot;}\" data-widget_type=\"text-editor.default\">\n\t\t\t\t\t\t\t\t\t<p>Pr\u00e9cision, agilit\u00e9 et production sur mesure<\/p>\t\t\t\t\t\t\t\t<\/div>\n\t\t\t\t<div class=\"elementor-element elementor-element-25cf1d1e side-by-side-cta__text elementor-invisible elementor-widget elementor-widget-text-editor\" data-id=\"25cf1d1e\" data-element_type=\"widget\" data-settings=\"{&quot;_animation&quot;:&quot;fadeInUp&quot;}\" data-widget_type=\"text-editor.default\">\n\t\t\t\t\t\t\t\t\t<p>Nous sommes sp\u00e9cialis\u00e9s dans l\u2019usinage de pi\u00e8ces unitaires, de petites s\u00e9ries et de prototypes, en d\u00e9veloppant des solutions adapt\u00e9es aux besoins de chaque client.<\/p>\t\t\t\t\t\t\t\t<\/div>\n\t\t\t\t<div class=\"elementor-element elementor-element-fd9e89c btn btn-primary side-by-side-cta__btn elementor-invisible elementor-widget elementor-widget-button\" data-id=\"fd9e89c\" data-element_type=\"widget\" data-settings=\"{&quot;_animation&quot;:&quot;fadeInUp&quot;}\" data-widget_type=\"button.default\">\n\t\t\t\t\t\t\t\t\t\t<a class=\"elementor-button elementor-button-link elementor-size-sm\" href=\"https:\/\/zerbimek.com\/fr\/machines\/\">\n\t\t\t\t\t\t<span class=\"elementor-button-content-wrapper\">\n\t\t\t\t\t\t\t\t\t<span class=\"elementor-button-text\">Machines<\/span>\n\t\t\t\t\t<\/span>\n\t\t\t\t\t<\/a>\n\t\t\t\t\t\t\t\t<\/div>\n\t\t\t\t<\/div>\n\t\t\t\t\t<\/div>\n\t\t\t\t<\/div>\n\t\t<div class=\"elementor-element elementor-element-79fd802f contact-cta e-flex e-con-boxed e-con e-parent\" data-id=\"79fd802f\" data-element_type=\"container\" data-settings=\"{&quot;background_background&quot;:&quot;classic&quot;}\">\n\t\t\t\t\t<div class=\"e-con-inner\">\n\t\t\t\t<div class=\"elementor-element elementor-element-35f7ff4c contact-cta__title elementor-invisible elementor-widget elementor-widget-heading\" data-id=\"35f7ff4c\" data-element_type=\"widget\" data-settings=\"{&quot;_animation&quot;:&quot;fadeInUp&quot;}\" data-widget_type=\"heading.default\">\n\t\t\t\t\t<h2 class=\"elementor-heading-title elementor-size-default\">Vous souhaitez savoir comment nous pouvons vous aider?<\/h2>\t\t\t\t<\/div>\n\t\t\t\t<div class=\"elementor-element elementor-element-dd7efdf btn btn-inverted contact-cta__btn elementor-invisible elementor-widget elementor-widget-button\" data-id=\"dd7efdf\" data-element_type=\"widget\" data-settings=\"{&quot;_animation&quot;:&quot;fadeInUp&quot;}\" data-widget_type=\"button.default\">\n\t\t\t\t\t\t\t\t\t\t<a class=\"elementor-button elementor-button-link elementor-size-sm\" href=\"https:\/\/zerbimek.com\/fr\/contact\/\">\n\t\t\t\t\t\t<span class=\"elementor-button-content-wrapper\">\n\t\t\t\t\t\t\t\t\t<span class=\"elementor-button-text\">Contactez-nous<\/span>\n\t\t\t\t\t<\/span>\n\t\t\t\t\t<\/a>\n\t\t\t\t\t\t\t\t<\/div>\n\t\t\t\t\t<\/div>\n\t\t\t\t<\/div>\n\t\t\t\t<\/div>\n\t\t","protected":false},"excerpt":{"rendered":"<p>Qualit\u00e9 Pr\u00e9cision et engagement Qualit\u00e9 et am\u00e9lioration continue Chez Zerbimek, la qualit\u00e9 n\u2019est pas un objectif final, mais le point de d\u00e9part de tout ce que nous faisons. En tant qu\u2019entreprise d\u2019usinage CNC orient\u00e9e vers des secteurs tr\u00e8s exigeants, nous travaillons selon un syst\u00e8me d\u2019am\u00e9lioration continue, en combinant exp\u00e9rience, technologie et conseil technique afin de [&hellip;]<\/p>\n","protected":false},"author":2,"featured_media":0,"parent":0,"menu_order":0,"comment_status":"closed","ping_status":"closed","template":"","meta":{"inline_featured_image":false,"footnotes":""},"class_list":["post-6292","page","type-page","status-publish","hentry"],"_links":{"self":[{"href":"https:\/\/zerbimek.com\/fr\/wp-json\/wp\/v2\/pages\/6292","targetHints":{"allow":["GET"]}}],"collection":[{"href":"https:\/\/zerbimek.com\/fr\/wp-json\/wp\/v2\/pages"}],"about":[{"href":"https:\/\/zerbimek.com\/fr\/wp-json\/wp\/v2\/types\/page"}],"author":[{"embeddable":true,"href":"https:\/\/zerbimek.com\/fr\/wp-json\/wp\/v2\/users\/2"}],"replies":[{"embeddable":true,"href":"https:\/\/zerbimek.com\/fr\/wp-json\/wp\/v2\/comments?post=6292"}],"version-history":[{"count":28,"href":"https:\/\/zerbimek.com\/fr\/wp-json\/wp\/v2\/pages\/6292\/revisions"}],"predecessor-version":[{"id":6829,"href":"https:\/\/zerbimek.com\/fr\/wp-json\/wp\/v2\/pages\/6292\/revisions\/6829"}],"wp:attachment":[{"href":"https:\/\/zerbimek.com\/fr\/wp-json\/wp\/v2\/media?parent=6292"}],"curies":[{"name":"wp","href":"https:\/\/api.w.org\/{rel}","templated":true}]}}