{"id":6284,"date":"2026-03-09T15:52:41","date_gmt":"2026-03-09T14:52:41","guid":{"rendered":"https:\/\/zerbimek.climascomunicacion.com\/?page_id=6284"},"modified":"2026-03-27T13:17:38","modified_gmt":"2026-03-27T12:17:38","slug":"secteurs","status":"publish","type":"page","link":"https:\/\/zerbimek.com\/fr\/secteurs\/","title":{"rendered":"Secteurs"},"content":{"rendered":"\t\t<div data-elementor-type=\"wp-page\" data-elementor-id=\"6284\" class=\"elementor elementor-6284 elementor-5811\" data-elementor-post-type=\"page\">\n\t\t\t\t<div class=\"elementor-element elementor-element-396bbcc5 page-header mecanizado-header e-flex e-con-boxed e-con e-parent\" data-id=\"396bbcc5\" data-element_type=\"container\" data-settings=\"{&quot;background_background&quot;:&quot;classic&quot;}\">\n\t\t\t\t\t<div class=\"e-con-inner\">\n\t\t\t\t<div class=\"elementor-element elementor-element-e93afd8 page-header__caption elementor-invisible elementor-widget elementor-widget-text-editor\" data-id=\"e93afd8\" data-element_type=\"widget\" data-settings=\"{&quot;_animation&quot;:&quot;fadeInUp&quot;}\" data-widget_type=\"text-editor.default\">\n\t\t\t\t\t\t\t\t\t<p>Secteurs<\/p>\t\t\t\t\t\t\t\t<\/div>\n\t\t\t\t<div class=\"elementor-element elementor-element-3ff0cc96 page-header__title elementor-invisible elementor-widget elementor-widget-heading\" data-id=\"3ff0cc96\" data-element_type=\"widget\" data-settings=\"{&quot;_animation&quot;:&quot;fadeInUp&quot;}\" data-widget_type=\"heading.default\">\n\t\t\t\t\t<h1 class=\"elementor-heading-title elementor-size-default\">Une exp\u00e9rience industrielle au service des secteurs les plus exigeants<\/h1>\t\t\t\t<\/div>\n\t\t\t\t<div class=\"elementor-element elementor-element-4822207c header-z elementor-widget elementor-widget-image\" data-id=\"4822207c\" data-element_type=\"widget\" data-widget_type=\"image.default\">\n\t\t\t\t\t\t\t\t\t\t\t\t\t\t\t<img decoding=\"async\" src=\"https:\/\/zerbimek.com\/wp-content\/uploads\/2026\/01\/big-z.svg\" title=\"big-z\" alt=\"big-z\" loading=\"lazy\" \/>\t\t\t\t\t\t\t\t\t\t\t\t\t\t\t<\/div>\n\t\t\t\t\t<\/div>\n\t\t\t\t<\/div>\n\t\t<div class=\"elementor-element elementor-element-1931b3d8 subheader e-flex e-con-boxed e-con e-parent\" data-id=\"1931b3d8\" data-element_type=\"container\">\n\t\t\t\t\t<div class=\"e-con-inner\">\n\t\t\t\t<div class=\"elementor-element elementor-element-4d701b15 subheader__title elementor-invisible elementor-widget elementor-widget-heading\" data-id=\"4d701b15\" data-element_type=\"widget\" data-settings=\"{&quot;_animation&quot;:&quot;fadeInUp&quot;}\" data-widget_type=\"heading.default\">\n\t\t\t\t\t<h2 class=\"elementor-heading-title elementor-size-default\">Secteurs et march\u00e9s<\/h2>\t\t\t\t<\/div>\n\t\t\t\t<div class=\"elementor-element elementor-element-4da03319 subheader__text elementor-invisible elementor-widget elementor-widget-text-editor\" data-id=\"4da03319\" data-element_type=\"widget\" data-settings=\"{&quot;_animation&quot;:&quot;fadeInUp&quot;}\" data-widget_type=\"text-editor.default\">\n\t\t\t\t\t\t\t\t\t<p>Chez Zerbimek, nous travaillons avec des entreprises leaders dans des secteurs exigeant une pr\u00e9cision maximale, une grande fiabilit\u00e9 et un fort engagement envers la qualit\u00e9. Nos capacit\u00e9s techniques et notre flexibilit\u00e9 nous permettent de nous adapter aux standards et exigences de secteurs tr\u00e8s vari\u00e9s, tout en maintenant un service personnalis\u00e9 et orient\u00e9 vers le d\u00e9tail.<\/p>\t\t\t\t\t\t\t\t<\/div>\n\t\t\t\t\t<\/div>\n\t\t\t\t<\/div>\n\t\t<div class=\"elementor-element elementor-element-11acd3ff sectores-block2 e-flex e-con-boxed e-con e-parent\" data-id=\"11acd3ff\" data-element_type=\"container\">\n\t\t\t\t\t<div class=\"e-con-inner\">\n\t\t\t\t<div class=\"elementor-element elementor-element-697ffb32 sectores-block2__title elementor-invisible elementor-widget elementor-widget-heading\" data-id=\"697ffb32\" data-element_type=\"widget\" data-settings=\"{&quot;_animation&quot;:&quot;fadeInUp&quot;}\" data-widget_type=\"heading.default\">\n\t\t\t\t\t<h2 class=\"elementor-heading-title elementor-size-default\">Secteurs<\/h2>\t\t\t\t<\/div>\n\t\t<div class=\"elementor-element elementor-element-2e9fa306 e-con-full e-grid sectores-block2__sectors e-con e-child\" data-id=\"2e9fa306\" data-element_type=\"container\">\n\t\t<div class=\"elementor-element elementor-element-15e5d121 e-con-full sectores-block2__sector e-flex elementor-invisible e-con e-child\" data-id=\"15e5d121\" data-element_type=\"container\" data-settings=\"{&quot;animation&quot;:&quot;fadeInUp&quot;}\">\n\t\t\t\t<div class=\"elementor-element elementor-element-ab3be29 sectores-block2__sector-title elementor-widget elementor-widget-text-editor\" data-id=\"ab3be29\" data-element_type=\"widget\" data-widget_type=\"text-editor.default\">\n\t\t\t\t\t\t\t\t\t<p>Automobile<\/p>\t\t\t\t\t\t\t\t<\/div>\n\t\t\t\t<div class=\"elementor-element elementor-element-52d1629 sectores-block2__sector-description elementor-widget elementor-widget-text-editor\" data-id=\"52d1629\" data-element_type=\"widget\" data-widget_type=\"text-editor.default\">\n\t\t\t\t\t\t\t\t\t<p>Dans le secteur automobile, nous collaborons avec des entreprises de premier plan. Nous savons que la pr\u00e9cision et la fiabilit\u00e9 sont essentielles, c\u2019est pourquoi nous proposons des solutions d\u2019usinage de haute qualit\u00e9 r\u00e9pondant aux exigences techniques strictes et aux d\u00e9lais serr\u00e9s de ce secteur.<\/p>\t\t\t\t\t\t\t\t<\/div>\n\t\t\t\t<\/div>\n\t\t<div class=\"elementor-element elementor-element-106de714 e-con-full sectores-block2__sector e-flex elementor-invisible e-con e-child\" data-id=\"106de714\" data-element_type=\"container\" data-settings=\"{&quot;animation&quot;:&quot;fadeInUp&quot;,&quot;animation_delay&quot;:100}\">\n\t\t\t\t<div class=\"elementor-element elementor-element-21c30a8e sectores-block2__sector-title elementor-widget elementor-widget-text-editor\" data-id=\"21c30a8e\" data-element_type=\"widget\" data-widget_type=\"text-editor.default\">\n\t\t\t\t\t\t\t\t\t<p>A\u00e9ronautique<\/p>\t\t\t\t\t\t\t\t<\/div>\n\t\t\t\t<div class=\"elementor-element elementor-element-725933bb sectores-block2__sector-description elementor-widget elementor-widget-text-editor\" data-id=\"725933bb\" data-element_type=\"widget\" data-widget_type=\"text-editor.default\">\n\t\t\t\t\t\t\t\t\t<p>Dans le domaine a\u00e9ronautique, nous participons \u00e0 des projets o\u00f9 l\u2019innovation et l\u2019excellence sont fondamentales. Nous fabriquons des pi\u00e8ces pour prototypes et essais.<\/p>\t\t\t\t\t\t\t\t<\/div>\n\t\t\t\t<\/div>\n\t\t<div class=\"elementor-element elementor-element-2802538 e-con-full sectores-block2__sector e-flex elementor-invisible e-con e-child\" data-id=\"2802538\" data-element_type=\"container\" data-settings=\"{&quot;animation&quot;:&quot;fadeInUp&quot;,&quot;animation_delay&quot;:200}\">\n\t\t\t\t<div class=\"elementor-element elementor-element-704031e6 sectores-block2__sector-title elementor-widget elementor-widget-text-editor\" data-id=\"704031e6\" data-element_type=\"widget\" data-widget_type=\"text-editor.default\">\n\t\t\t\t\t\t\t\t\t<p>Biens d\u2019\u00e9quipement<\/p>\t\t\t\t\t\t\t\t<\/div>\n\t\t\t\t<div class=\"elementor-element elementor-element-1d718615 sectores-block2__sector-description elementor-widget elementor-widget-text-editor\" data-id=\"1d718615\" data-element_type=\"widget\" data-widget_type=\"text-editor.default\">\n\t\t\t\t\t\t\t\t\t<p>Nous collaborons avec diff\u00e9rentes entreprises en proposant des solutions d\u2019usinage fiables et sur mesure. Gr\u00e2ce \u00e0 notre expertise technique et \u00e0 une communication \u00e9troite avec nos clients, nous participons \u00e0 la fabrication de machines et de syst\u00e8mes industriels reconnus pour leur durabilit\u00e9, leur pr\u00e9cision et leur efficacit\u00e9.<\/p>\t\t\t\t\t\t\t\t<\/div>\n\t\t\t\t<\/div>\n\t\t<div class=\"elementor-element elementor-element-1ada7555 e-con-full sectores-block2__sector e-flex elementor-invisible e-con e-child\" data-id=\"1ada7555\" data-element_type=\"container\" data-settings=\"{&quot;animation&quot;:&quot;fadeInUp&quot;,&quot;animation_delay&quot;:300}\">\n\t\t\t\t<div class=\"elementor-element elementor-element-6b55caed sectores-block2__sector-title elementor-widget elementor-widget-text-editor\" data-id=\"6b55caed\" data-element_type=\"widget\" data-widget_type=\"text-editor.default\">\n\t\t\t\t\t\t\t\t\t<p>Ferroviaire<\/p>\t\t\t\t\t\t\t\t<\/div>\n\t\t\t\t<div class=\"elementor-element elementor-element-794772d9 sectores-block2__sector-description elementor-widget elementor-widget-text-editor\" data-id=\"794772d9\" data-element_type=\"widget\" data-widget_type=\"text-editor.default\">\n\t\t\t\t\t\t\t\t\t<p>Dans le secteur ferroviaire, nous produisons des composants robustes et pr\u00e9cis r\u00e9pondant aux plus hautes exigences techniques et de qualit\u00e9.<\/p>\t\t\t\t\t\t\t\t<\/div>\n\t\t\t\t<\/div>\n\t\t<div class=\"elementor-element elementor-element-44d1b9a8 e-con-full sectores-block2__sector e-flex elementor-invisible e-con e-child\" data-id=\"44d1b9a8\" data-element_type=\"container\" data-settings=\"{&quot;animation&quot;:&quot;fadeInUp&quot;,&quot;animation_delay&quot;:400}\">\n\t\t\t\t<div class=\"elementor-element elementor-element-2c0672de sectores-block2__sector-title elementor-widget elementor-widget-text-editor\" data-id=\"2c0672de\" data-element_type=\"widget\" data-widget_type=\"text-editor.default\">\n\t\t\t\t\t\t\t\t\t<p>Industrie<\/p>\t\t\t\t\t\t\t\t<\/div>\n\t\t\t\t<div class=\"elementor-element elementor-element-101a96ce sectores-block2__sector-description elementor-widget elementor-widget-text-editor\" data-id=\"101a96ce\" data-element_type=\"widget\" data-widget_type=\"text-editor.default\">\n\t\t\t\t\t\t\t\t\t<p>Nous collaborons avec des entreprises en apportant notre expertise en usinage pour une grande vari\u00e9t\u00e9 de processus industriels. Notre flexibilit\u00e9 et nos capacit\u00e9s techniques nous permettent de nous adapter aux besoins de chaque client, en garantissant toujours un haut niveau de qualit\u00e9 et de pr\u00e9cision.<\/p>\t\t\t\t\t\t\t\t<\/div>\n\t\t\t\t<\/div>\n\t\t\t\t<\/div>\n\t\t\t\t\t<\/div>\n\t\t\t\t<\/div>\n\t\t<div class=\"elementor-element elementor-element-79961c09 sectores-block3 e-flex e-con-boxed e-con e-parent\" data-id=\"79961c09\" data-element_type=\"container\" data-settings=\"{&quot;background_background&quot;:&quot;classic&quot;}\">\n\t\t\t\t\t<div class=\"e-con-inner\">\n\t\t\t\t<div class=\"elementor-element elementor-element-66f74894 sectores-block3__title elementor-invisible elementor-widget elementor-widget-heading\" data-id=\"66f74894\" data-element_type=\"widget\" data-settings=\"{&quot;_animation&quot;:&quot;fadeInUp&quot;}\" data-widget_type=\"heading.default\">\n\t\t\t\t\t<h2 class=\"elementor-heading-title elementor-size-default\">March\u00e9s<\/h2>\t\t\t\t<\/div>\n\t\t\t\t<div class=\"elementor-element elementor-element-2d0ea446 sectores-block3__text elementor-invisible elementor-widget elementor-widget-text-editor\" data-id=\"2d0ea446\" data-element_type=\"widget\" data-settings=\"{&quot;_animation&quot;:&quot;fadeInUp&quot;}\" data-widget_type=\"text-editor.default\">\n\t\t\t\t\t\t\t\t\t<p>Bien que notre activit\u00e9 se d\u00e9veloppe principalement dans le nord de l\u2019Espagne et au Pays basque, nous travaillons \u05db\u05d9\u05d5\u05dd avec des entreprises dans toute l\u2019Espagne, en France et sur d\u2019autres march\u00e9s europ\u00e9ens, en offrant proximit\u00e9, qualit\u00e9 et fiabilit\u00e9 \u00e0 chaque livraison.<\/p>\t\t\t\t\t\t\t\t<\/div>\n\t\t\t\t\t<\/div>\n\t\t\t\t<\/div>\n\t\t<div class=\"elementor-element elementor-element-7c545682 contact-cta e-flex e-con-boxed e-con e-parent\" data-id=\"7c545682\" data-element_type=\"container\" data-settings=\"{&quot;background_background&quot;:&quot;classic&quot;}\">\n\t\t\t\t\t<div class=\"e-con-inner\">\n\t\t\t\t<div class=\"elementor-element elementor-element-25e475d9 contact-cta__title elementor-invisible elementor-widget elementor-widget-heading\" data-id=\"25e475d9\" data-element_type=\"widget\" data-settings=\"{&quot;_animation&quot;:&quot;fadeInUp&quot;}\" data-widget_type=\"heading.default\">\n\t\t\t\t\t<h2 class=\"elementor-heading-title elementor-size-default\">Vous souhaitez savoir comment nous pouvons vous aider?<\/h2>\t\t\t\t<\/div>\n\t\t\t\t<div class=\"elementor-element elementor-element-483094ae btn btn-inverted contact-cta__btn elementor-invisible elementor-widget elementor-widget-button\" data-id=\"483094ae\" data-element_type=\"widget\" data-settings=\"{&quot;_animation&quot;:&quot;fadeInUp&quot;}\" data-widget_type=\"button.default\">\n\t\t\t\t\t\t\t\t\t\t<a class=\"elementor-button elementor-button-link elementor-size-sm\" href=\"https:\/\/zerbimek.com\/fr\/contact\/\">\n\t\t\t\t\t\t<span class=\"elementor-button-content-wrapper\">\n\t\t\t\t\t\t\t\t\t<span class=\"elementor-button-text\">Contactez-nous<\/span>\n\t\t\t\t\t<\/span>\n\t\t\t\t\t<\/a>\n\t\t\t\t\t\t\t\t<\/div>\n\t\t\t\t\t<\/div>\n\t\t\t\t<\/div>\n\t\t\t\t<\/div>\n\t\t","protected":false},"excerpt":{"rendered":"<p>Secteurs Une exp\u00e9rience industrielle au service des secteurs les plus exigeants Secteurs et march\u00e9s Chez Zerbimek, nous travaillons avec des entreprises leaders dans des secteurs exigeant une pr\u00e9cision maximale, une grande fiabilit\u00e9 et un fort engagement envers la qualit\u00e9. Nos capacit\u00e9s techniques et notre flexibilit\u00e9 nous permettent de nous adapter aux standards et exigences de [&hellip;]<\/p>\n","protected":false},"author":2,"featured_media":0,"parent":0,"menu_order":0,"comment_status":"closed","ping_status":"closed","template":"","meta":{"inline_featured_image":false,"footnotes":""},"class_list":["post-6284","page","type-page","status-publish","hentry"],"_links":{"self":[{"href":"https:\/\/zerbimek.com\/fr\/wp-json\/wp\/v2\/pages\/6284","targetHints":{"allow":["GET"]}}],"collection":[{"href":"https:\/\/zerbimek.com\/fr\/wp-json\/wp\/v2\/pages"}],"about":[{"href":"https:\/\/zerbimek.com\/fr\/wp-json\/wp\/v2\/types\/page"}],"author":[{"embeddable":true,"href":"https:\/\/zerbimek.com\/fr\/wp-json\/wp\/v2\/users\/2"}],"replies":[{"embeddable":true,"href":"https:\/\/zerbimek.com\/fr\/wp-json\/wp\/v2\/comments?post=6284"}],"version-history":[{"count":13,"href":"https:\/\/zerbimek.com\/fr\/wp-json\/wp\/v2\/pages\/6284\/revisions"}],"predecessor-version":[{"id":6880,"href":"https:\/\/zerbimek.com\/fr\/wp-json\/wp\/v2\/pages\/6284\/revisions\/6880"}],"wp:attachment":[{"href":"https:\/\/zerbimek.com\/fr\/wp-json\/wp\/v2\/media?parent=6284"}],"curies":[{"name":"wp","href":"https:\/\/api.w.org\/{rel}","templated":true}]}}