{"id":6268,"date":"2026-03-09T15:44:21","date_gmt":"2026-03-09T14:44:21","guid":{"rendered":"https:\/\/zerbimek.climascomunicacion.com\/?page_id=6268"},"modified":"2026-03-27T13:31:06","modified_gmt":"2026-03-27T12:31:06","slug":"usinage","status":"publish","type":"page","link":"https:\/\/zerbimek.com\/fr\/usinage\/","title":{"rendered":"Usinage"},"content":{"rendered":"\t\t<div data-elementor-type=\"wp-page\" data-elementor-id=\"6268\" class=\"elementor elementor-6268 elementor-5766\" data-elementor-post-type=\"page\">\n\t\t\t\t<div class=\"elementor-element elementor-element-99b9e57 page-header mecanizado-header e-flex e-con-boxed e-con e-parent\" data-id=\"99b9e57\" data-element_type=\"container\" data-settings=\"{&quot;background_background&quot;:&quot;classic&quot;}\">\n\t\t\t\t\t<div class=\"e-con-inner\">\n\t\t\t\t<div class=\"elementor-element elementor-element-3c7f3cf3 page-header__caption elementor-invisible elementor-widget elementor-widget-text-editor\" data-id=\"3c7f3cf3\" data-element_type=\"widget\" data-settings=\"{&quot;_animation&quot;:&quot;fadeInUp&quot;}\" data-widget_type=\"text-editor.default\">\n\t\t\t\t\t\t\t\t\t<p>Usinage<\/p>\t\t\t\t\t\t\t\t<\/div>\n\t\t\t\t<div class=\"elementor-element elementor-element-221ec9ef page-header__title elementor-invisible elementor-widget elementor-widget-heading\" data-id=\"221ec9ef\" data-element_type=\"widget\" data-settings=\"{&quot;_animation&quot;:&quot;fadeInUp&quot;}\" data-widget_type=\"heading.default\">\n\t\t\t\t\t<h1 class=\"elementor-heading-title elementor-size-default\">Services d\u2019usinage<\/h1>\t\t\t\t<\/div>\n\t\t\t\t<div class=\"elementor-element elementor-element-6556dc26 header-z elementor-widget elementor-widget-image\" data-id=\"6556dc26\" data-element_type=\"widget\" data-widget_type=\"image.default\">\n\t\t\t\t\t\t\t\t\t\t\t\t\t\t\t<img decoding=\"async\" src=\"https:\/\/zerbimek.com\/wp-content\/uploads\/2026\/01\/big-z.svg\" title=\"big-z\" alt=\"big-z\" loading=\"lazy\" \/>\t\t\t\t\t\t\t\t\t\t\t\t\t\t\t<\/div>\n\t\t\t\t\t<\/div>\n\t\t\t\t<\/div>\n\t\t<div class=\"elementor-element elementor-element-1a8edd3d subheader e-flex e-con-boxed e-con e-parent\" data-id=\"1a8edd3d\" data-element_type=\"container\">\n\t\t\t\t\t<div class=\"e-con-inner\">\n\t\t\t\t<div class=\"elementor-element elementor-element-3a30a0f0 subheader__title elementor-invisible elementor-widget elementor-widget-heading\" data-id=\"3a30a0f0\" data-element_type=\"widget\" data-settings=\"{&quot;_animation&quot;:&quot;fadeInUp&quot;}\" data-widget_type=\"heading.default\">\n\t\t\t\t\t<h2 class=\"elementor-heading-title elementor-size-default\">Pr\u00e9cision, agilit\u00e9 et production sur mesure<\/h2>\t\t\t\t<\/div>\n\t\t\t\t<div class=\"elementor-element elementor-element-20027363 subheader__text elementor-invisible elementor-widget elementor-widget-text-editor\" data-id=\"20027363\" data-element_type=\"widget\" data-settings=\"{&quot;_animation&quot;:&quot;fadeInUp&quot;}\" data-widget_type=\"text-editor.default\">\n\t\t\t\t\t\t\t\t\t<p>Chez Zerbimek, nous nous distinguons par un service int\u00e9gral, flexible et enti\u00e8rement personnalis\u00e9. Nous nous concentrons sur des projets n\u00e9cessitant pr\u00e9cision, flexibilit\u00e9 et conseil technique, en apportant de la valeur \u00e0 nos clients.<\/p><p>Nous proposons des solutions d\u2019usinage pour des pi\u00e8ces unitaires, des petites s\u00e9ries et des prototypes, en nous adaptant aux besoins de chaque client.<\/p>\t\t\t\t\t\t\t\t<\/div>\n\t\t\t\t\t<\/div>\n\t\t\t\t<\/div>\n\t\t<div class=\"elementor-element elementor-element-3fb406ce mecanizado-zigzag e-flex e-con-boxed e-con e-parent\" data-id=\"3fb406ce\" data-element_type=\"container\">\n\t\t\t\t\t<div class=\"e-con-inner\">\n\t\t<div class=\"elementor-element elementor-element-3065ba0a e-con-full e-grid mecanizado-zigzag-1 e-con e-child\" data-id=\"3065ba0a\" data-element_type=\"container\" id=\"petites-series\">\n\t\t<div class=\"elementor-element elementor-element-31fc48f e-con-full mecanizado-zigzag__text-wrapper e-flex e-con e-child\" data-id=\"31fc48f\" data-element_type=\"container\">\n\t\t\t\t<div class=\"elementor-element elementor-element-61648659 mecanizado-zigzag__title elementor-widget elementor-widget-heading\" data-id=\"61648659\" data-element_type=\"widget\" data-settings=\"{&quot;_animation&quot;:&quot;none&quot;}\" data-widget_type=\"heading.default\">\n\t\t\t\t\t<h2 class=\"elementor-heading-title elementor-size-default\">Usinage de petites s\u00e9ries<\/h2>\t\t\t\t<\/div>\n\t\t\t\t<div class=\"elementor-element elementor-element-fb34181 mecanizado-zigzag__text elementor-widget elementor-widget-text-editor\" data-id=\"fb34181\" data-element_type=\"widget\" data-settings=\"{&quot;_animation&quot;:&quot;none&quot;}\" data-widget_type=\"text-editor.default\">\n\t\t\t\t\t\t\t\t\t<p>Nous proposons des services d\u2019usinage de pr\u00e9cision pour petites s\u00e9ries, alliant qualit\u00e9 et efficacit\u00e9. Nous nous adaptons aux besoins de production de nos clients, depuis l\u2019approvisionnement en mati\u00e8re premi\u00e8re jusqu\u2019\u00e0 l\u2019usinage, les traitements et l\u2019assemblage, en fournissant des pi\u00e8ces de haute qualit\u00e9 en quantit\u00e9s r\u00e9duites.<\/p>\t\t\t\t\t\t\t\t<\/div>\n\t\t\t\t<\/div>\n\t\t\t\t<div class=\"elementor-element elementor-element-378b3b3c mecanizado-zigzag__image elementor-widget elementor-widget-image\" data-id=\"378b3b3c\" data-element_type=\"widget\" data-settings=\"{&quot;_animation&quot;:&quot;none&quot;}\" data-widget_type=\"image.default\">\n\t\t\t\t\t\t\t\t\t\t\t\t\t\t\t<img fetchpriority=\"high\" decoding=\"async\" width=\"1024\" height=\"534\" src=\"https:\/\/zerbimek.com\/wp-content\/uploads\/2026\/01\/mecanizado-1-1024x534.jpg\" class=\"attachment-large size-large wp-image-5634\" alt=\"\" srcset=\"https:\/\/zerbimek.com\/wp-content\/uploads\/2026\/01\/mecanizado-1-1024x534.jpg 1024w, https:\/\/zerbimek.com\/wp-content\/uploads\/2026\/01\/mecanizado-1-300x156.jpg 300w, https:\/\/zerbimek.com\/wp-content\/uploads\/2026\/01\/mecanizado-1-768x400.jpg 768w, https:\/\/zerbimek.com\/wp-content\/uploads\/2026\/01\/mecanizado-1-1536x800.jpg 1536w, https:\/\/zerbimek.com\/wp-content\/uploads\/2026\/01\/mecanizado-1.jpg 1708w\" sizes=\"(max-width: 1024px) 100vw, 1024px\" \/>\t\t\t\t\t\t\t\t\t\t\t\t\t\t\t<\/div>\n\t\t\t\t<\/div>\n\t\t<div class=\"elementor-element elementor-element-5a40f6e2 e-con-full e-grid mecanizado-zigzag-2 e-con e-child\" data-id=\"5a40f6e2\" data-element_type=\"container\" id=\"piece-unitaire\">\n\t\t\t\t<div class=\"elementor-element elementor-element-66439ac0 mecanizado-zigzag__image elementor-widget elementor-widget-image\" data-id=\"66439ac0\" data-element_type=\"widget\" data-settings=\"{&quot;_animation&quot;:&quot;none&quot;}\" data-widget_type=\"image.default\">\n\t\t\t\t\t\t\t\t\t\t\t\t\t\t\t<img decoding=\"async\" width=\"1024\" height=\"607\" src=\"https:\/\/zerbimek.com\/wp-content\/uploads\/2026\/01\/mecanizado-2-1024x607.jpg\" class=\"attachment-large size-large wp-image-5638\" alt=\"\" srcset=\"https:\/\/zerbimek.com\/wp-content\/uploads\/2026\/01\/mecanizado-2-1024x607.jpg 1024w, https:\/\/zerbimek.com\/wp-content\/uploads\/2026\/01\/mecanizado-2-300x178.jpg 300w, https:\/\/zerbimek.com\/wp-content\/uploads\/2026\/01\/mecanizado-2-768x455.jpg 768w, https:\/\/zerbimek.com\/wp-content\/uploads\/2026\/01\/mecanizado-2.jpg 1504w\" sizes=\"(max-width: 1024px) 100vw, 1024px\" \/>\t\t\t\t\t\t\t\t\t\t\t\t\t\t\t<\/div>\n\t\t<div class=\"elementor-element elementor-element-1c048791 e-con-full mecanizado-zigzag__text-wrapper e-flex e-con e-child\" data-id=\"1c048791\" data-element_type=\"container\">\n\t\t\t\t<div class=\"elementor-element elementor-element-2a2c7d04 mecanizado-zigzag__title elementor-widget elementor-widget-heading\" data-id=\"2a2c7d04\" data-element_type=\"widget\" data-settings=\"{&quot;_animation&quot;:&quot;none&quot;}\" data-widget_type=\"heading.default\">\n\t\t\t\t\t<h2 class=\"elementor-heading-title elementor-size-default\">Usinage de pi\u00e8ce unitaire<\/h2>\t\t\t\t<\/div>\n\t\t\t\t<div class=\"elementor-element elementor-element-36b67acf mecanizado-zigzag__text elementor-widget elementor-widget-text-editor\" data-id=\"36b67acf\" data-element_type=\"widget\" data-settings=\"{&quot;_animation&quot;:&quot;none&quot;}\" data-widget_type=\"text-editor.default\">\n\t\t\t\t\t\t\t\t\t<p>Certaines applications n\u00e9cessitent des pi\u00e8ces uniques et hautement sp\u00e9cialis\u00e9es. C\u2019est pourquoi nous proposons \u00e9galement l\u2019usinage de pi\u00e8ces unitaires et de haute complexit\u00e9. Gr\u00e2ce \u00e0 notre parc de machines et \u00e0 une \u00e9quipe hautement qualifi\u00e9e, nous garantissons un r\u00e9sultat pr\u00e9cis et de qualit\u00e9.<\/p>\t\t\t\t\t\t\t\t<\/div>\n\t\t\t\t<\/div>\n\t\t\t\t<\/div>\n\t\t<div class=\"elementor-element elementor-element-4603ce11 e-con-full e-grid mecanizado-zigzag-3 e-con e-child\" data-id=\"4603ce11\" data-element_type=\"container\" id=\"prototypes\">\n\t\t<div class=\"elementor-element elementor-element-59ed3ffc e-con-full mecanizado-zigzag__text-wrapper e-flex e-con e-child\" data-id=\"59ed3ffc\" data-element_type=\"container\">\n\t\t\t\t<div class=\"elementor-element elementor-element-52214b50 mecanizado-zigzag__title elementor-widget elementor-widget-heading\" data-id=\"52214b50\" data-element_type=\"widget\" data-settings=\"{&quot;_animation&quot;:&quot;none&quot;}\" data-widget_type=\"heading.default\">\n\t\t\t\t\t<h2 class=\"elementor-heading-title elementor-size-default\">Usinage de prototypes<\/h2>\t\t\t\t<\/div>\n\t\t\t\t<div class=\"elementor-element elementor-element-40b4049d mecanizado-zigzag__text elementor-widget elementor-widget-text-editor\" data-id=\"40b4049d\" data-element_type=\"widget\" data-settings=\"{&quot;_animation&quot;:&quot;none&quot;}\" data-widget_type=\"text-editor.default\">\n\t\t\t\t\t\t\t\t\t<p>Il est parfois n\u00e9cessaire de concr\u00e9tiser des id\u00e9es de conception en prototypes pr\u00e9cis et fonctionnels. Nous vous conseillons dans le choix des mat\u00e9riaux et l\u2019optimisation du design afin de r\u00e9duire les temps d\u2019usinage et les \u00e9ventuels probl\u00e8mes.<\/p>\t\t\t\t\t\t\t\t<\/div>\n\t\t\t\t<\/div>\n\t\t\t\t<div class=\"elementor-element elementor-element-79ab2ea6 mecanizado-zigzag__image elementor-widget elementor-widget-image\" data-id=\"79ab2ea6\" data-element_type=\"widget\" data-settings=\"{&quot;_animation&quot;:&quot;none&quot;}\" data-widget_type=\"image.default\">\n\t\t\t\t\t\t\t\t\t\t\t\t\t\t\t<img decoding=\"async\" width=\"1024\" height=\"604\" src=\"https:\/\/zerbimek.com\/wp-content\/uploads\/2026\/01\/mecanizado-3-1024x604.jpg\" class=\"attachment-large size-large wp-image-5642\" alt=\"\" srcset=\"https:\/\/zerbimek.com\/wp-content\/uploads\/2026\/01\/mecanizado-3-1024x604.jpg 1024w, https:\/\/zerbimek.com\/wp-content\/uploads\/2026\/01\/mecanizado-3-300x177.jpg 300w, https:\/\/zerbimek.com\/wp-content\/uploads\/2026\/01\/mecanizado-3-768x453.jpg 768w, https:\/\/zerbimek.com\/wp-content\/uploads\/2026\/01\/mecanizado-3.jpg 1508w\" sizes=\"(max-width: 1024px) 100vw, 1024px\" \/>\t\t\t\t\t\t\t\t\t\t\t\t\t\t\t<\/div>\n\t\t\t\t<\/div>\n\t\t\t\t\t<\/div>\n\t\t\t\t<\/div>\n\t\t<div class=\"elementor-element elementor-element-2b028e5e mecanizado-slider e-flex e-con-boxed e-con e-parent\" data-id=\"2b028e5e\" data-element_type=\"container\">\n\t\t\t\t\t<div class=\"e-con-inner\">\n\t\t<div class=\"elementor-element elementor-element-1c7eec2e e-con-full mecanizado-slider__text-col e-flex e-con e-child\" data-id=\"1c7eec2e\" data-element_type=\"container\">\n\t\t\t\t<div class=\"elementor-element elementor-element-25d934d7 mecanizado-slider__title elementor-invisible elementor-widget elementor-widget-heading\" data-id=\"25d934d7\" data-element_type=\"widget\" data-settings=\"{&quot;_animation&quot;:&quot;fadeInUp&quot;}\" data-widget_type=\"heading.default\">\n\t\t\t\t\t<h2 class=\"elementor-heading-title elementor-size-default\">Mat\u00e9riaux<\/h2>\t\t\t\t<\/div>\n\t\t\t\t<div class=\"elementor-element elementor-element-4c88fd36 mecanizado-slider__text elementor-invisible elementor-widget elementor-widget-text-editor\" data-id=\"4c88fd36\" data-element_type=\"widget\" data-settings=\"{&quot;_animation&quot;:&quot;fadeInUp&quot;}\" data-widget_type=\"text-editor.default\">\n\t\t\t\t\t\t\t\t\t<p>Nous travaillons avec tous types de mat\u00e9riaux, en nous adaptant aux besoins de chaque client.<\/p><ul><li>Usinage de l\u2019aluminium<\/li><li>Usinage de l\u2019acier inoxydable<\/li><li>Usinage de l\u2019acier<\/li><li>Usinage de plastiques techniques<\/li><li>Usinage de tous types d\u2019alliages<\/li><\/ul>\t\t\t\t\t\t\t\t<\/div>\n\t\t\t\t<\/div>\n\t\t<div class=\"elementor-element elementor-element-67533905 e-con-full mecanizado-slider__slider-col e-flex e-con e-child\" data-id=\"67533905\" data-element_type=\"container\">\n\t\t\t\t<div class=\"elementor-element elementor-element-4c56cb98 elementor--h-position-center elementor--v-position-middle elementor-arrows-position-inside elementor-widget elementor-widget-slides\" data-id=\"4c56cb98\" data-element_type=\"widget\" data-settings=\"{&quot;navigation&quot;:&quot;arrows&quot;,&quot;infinite&quot;:&quot;yes&quot;,&quot;transition&quot;:&quot;slide&quot;,&quot;transition_speed&quot;:500}\" data-widget_type=\"slides.default\">\n\t\t\t\t\t\t\t\t\t\t<div class=\"elementor-slides-wrapper elementor-main-swiper swiper\" role=\"region\" aria-roledescription=\"carousel\" aria-label=\"Diapositivas\" dir=\"ltr\" data-animation=\"fadeInUp\">\n\t\t\t\t<div class=\"swiper-wrapper elementor-slides\">\n\t\t\t\t\t\t\t\t\t\t<div class=\"elementor-repeater-item-3d8a86b swiper-slide\" role=\"group\" aria-roledescription=\"slide\"><div class=\"swiper-slide-bg\" role=\"img\" aria-label=\"0101\"><\/div><div class=\"swiper-slide-inner\" ><div class=\"swiper-slide-contents\"><\/div><\/div><\/div><div class=\"elementor-repeater-item-0b76bc1 swiper-slide\" role=\"group\" aria-roledescription=\"slide\"><div class=\"swiper-slide-bg\" role=\"img\" aria-label=\"0102\"><\/div><div class=\"swiper-slide-inner\" ><div class=\"swiper-slide-contents\"><\/div><\/div><\/div><div class=\"elementor-repeater-item-16b90dd swiper-slide\" role=\"group\" aria-roledescription=\"slide\"><div class=\"swiper-slide-bg\" role=\"img\" aria-label=\"0103\"><\/div><div class=\"swiper-slide-inner\" ><div class=\"swiper-slide-contents\"><\/div><\/div><\/div><div class=\"elementor-repeater-item-6a424a2 swiper-slide\" role=\"group\" aria-roledescription=\"slide\"><div class=\"swiper-slide-bg\" role=\"img\" aria-label=\"0104\"><\/div><div class=\"swiper-slide-inner\" ><div class=\"swiper-slide-contents\"><\/div><\/div><\/div>\t\t\t\t<\/div>\n\t\t\t\t\t\t\t\t\t\t\t\t\t\t\t<div class=\"elementor-swiper-button elementor-swiper-button-prev\" role=\"button\" tabindex=\"0\" aria-label=\"Diapositive pr\u00e9c\u00e9dente\">\n\t\t\t\t\t\t\t<svg aria-hidden=\"true\" class=\"e-font-icon-svg e-eicon-chevron-left\" viewBox=\"0 0 1000 1000\" xmlns=\"http:\/\/www.w3.org\/2000\/svg\"><path d=\"M646 125C629 125 613 133 604 142L308 442C296 454 292 471 292 487 292 504 296 521 308 533L604 854C617 867 629 875 646 875 663 875 679 871 692 858 704 846 713 829 713 812 713 796 708 779 692 767L438 487 692 225C700 217 708 204 708 187 708 171 704 154 692 142 675 129 663 125 646 125Z\"><\/path><\/svg>\t\t\t\t\t\t<\/div>\n\t\t\t\t\t\t<div class=\"elementor-swiper-button elementor-swiper-button-next\" role=\"button\" tabindex=\"0\" aria-label=\"Diapositive suivante\">\n\t\t\t\t\t\t\t<svg aria-hidden=\"true\" class=\"e-font-icon-svg e-eicon-chevron-right\" viewBox=\"0 0 1000 1000\" xmlns=\"http:\/\/www.w3.org\/2000\/svg\"><path d=\"M696 533C708 521 713 504 713 487 713 471 708 454 696 446L400 146C388 133 375 125 354 125 338 125 325 129 313 142 300 154 292 171 292 187 292 204 296 221 308 233L563 492 304 771C292 783 288 800 288 817 288 833 296 850 308 863 321 871 338 875 354 875 371 875 388 867 400 854L696 533Z\"><\/path><\/svg>\t\t\t\t\t\t<\/div>\n\t\t\t\t\t\t\t\t\t\t\t\t\t\t\t\t\t<\/div>\n\t\t\t\t\t\t\t\t<\/div>\n\t\t\t\t<\/div>\n\t\t\t\t\t<\/div>\n\t\t\t\t<\/div>\n\t\t<div class=\"elementor-element elementor-element-5cc7ec1b mecanizado-slider big-mb e-flex e-con-boxed e-con e-parent\" data-id=\"5cc7ec1b\" data-element_type=\"container\">\n\t\t\t\t\t<div class=\"e-con-inner\">\n\t\t<div class=\"elementor-element elementor-element-4b591d34 e-con-full mecanizado-slider__slider-col e-flex e-con e-child\" data-id=\"4b591d34\" data-element_type=\"container\">\n\t\t\t\t<div class=\"elementor-element elementor-element-556b097e elementor--h-position-center elementor--v-position-middle elementor-arrows-position-inside elementor-widget elementor-widget-slides\" data-id=\"556b097e\" data-element_type=\"widget\" data-settings=\"{&quot;navigation&quot;:&quot;arrows&quot;,&quot;infinite&quot;:&quot;yes&quot;,&quot;transition&quot;:&quot;slide&quot;,&quot;transition_speed&quot;:500}\" data-widget_type=\"slides.default\">\n\t\t\t\t\t\t\t\t\t\t<div class=\"elementor-slides-wrapper elementor-main-swiper swiper\" role=\"region\" aria-roledescription=\"carousel\" aria-label=\"Diapositivas\" dir=\"ltr\" data-animation=\"fadeInUp\">\n\t\t\t\t<div class=\"swiper-wrapper elementor-slides\">\n\t\t\t\t\t\t\t\t\t\t<div class=\"elementor-repeater-item-3d8a86b swiper-slide\" role=\"group\" aria-roledescription=\"slide\"><div class=\"swiper-slide-bg\" role=\"img\" aria-label=\"0201\"><\/div><div class=\"swiper-slide-inner\" ><div class=\"swiper-slide-contents\"><\/div><\/div><\/div><div class=\"elementor-repeater-item-0b76bc1 swiper-slide\" role=\"group\" aria-roledescription=\"slide\"><div class=\"swiper-slide-bg\" role=\"img\" aria-label=\"0202\"><\/div><div class=\"swiper-slide-inner\" ><div class=\"swiper-slide-contents\"><\/div><\/div><\/div><div class=\"elementor-repeater-item-45cfef5 swiper-slide\" role=\"group\" aria-roledescription=\"slide\"><div class=\"swiper-slide-bg\" role=\"img\" aria-label=\"0203\"><\/div><div class=\"swiper-slide-inner\" ><div class=\"swiper-slide-contents\"><\/div><\/div><\/div><div class=\"elementor-repeater-item-d43c15f swiper-slide\" role=\"group\" aria-roledescription=\"slide\"><div class=\"swiper-slide-bg\" role=\"img\" aria-label=\"0204\"><\/div><div class=\"swiper-slide-inner\" ><div class=\"swiper-slide-contents\"><\/div><\/div><\/div>\t\t\t\t<\/div>\n\t\t\t\t\t\t\t\t\t\t\t\t\t\t\t<div class=\"elementor-swiper-button elementor-swiper-button-prev\" role=\"button\" tabindex=\"0\" aria-label=\"Diapositive pr\u00e9c\u00e9dente\">\n\t\t\t\t\t\t\t<svg aria-hidden=\"true\" class=\"e-font-icon-svg e-eicon-chevron-left\" viewBox=\"0 0 1000 1000\" xmlns=\"http:\/\/www.w3.org\/2000\/svg\"><path d=\"M646 125C629 125 613 133 604 142L308 442C296 454 292 471 292 487 292 504 296 521 308 533L604 854C617 867 629 875 646 875 663 875 679 871 692 858 704 846 713 829 713 812 713 796 708 779 692 767L438 487 692 225C700 217 708 204 708 187 708 171 704 154 692 142 675 129 663 125 646 125Z\"><\/path><\/svg>\t\t\t\t\t\t<\/div>\n\t\t\t\t\t\t<div class=\"elementor-swiper-button elementor-swiper-button-next\" role=\"button\" tabindex=\"0\" aria-label=\"Diapositive suivante\">\n\t\t\t\t\t\t\t<svg aria-hidden=\"true\" class=\"e-font-icon-svg e-eicon-chevron-right\" viewBox=\"0 0 1000 1000\" xmlns=\"http:\/\/www.w3.org\/2000\/svg\"><path d=\"M696 533C708 521 713 504 713 487 713 471 708 454 696 446L400 146C388 133 375 125 354 125 338 125 325 129 313 142 300 154 292 171 292 187 292 204 296 221 308 233L563 492 304 771C292 783 288 800 288 817 288 833 296 850 308 863 321 871 338 875 354 875 371 875 388 867 400 854L696 533Z\"><\/path><\/svg>\t\t\t\t\t\t<\/div>\n\t\t\t\t\t\t\t\t\t\t\t\t\t\t\t\t\t<\/div>\n\t\t\t\t\t\t\t\t<\/div>\n\t\t\t\t<\/div>\n\t\t<div class=\"elementor-element elementor-element-d0088e0 e-con-full mecanizado-slider__text-col e-flex e-con e-child\" data-id=\"d0088e0\" data-element_type=\"container\">\n\t\t\t\t<div class=\"elementor-element elementor-element-5c251a2a mecanizado-slider__title elementor-invisible elementor-widget elementor-widget-heading\" data-id=\"5c251a2a\" data-element_type=\"widget\" data-settings=\"{&quot;_animation&quot;:&quot;fadeInUp&quot;}\" data-widget_type=\"heading.default\">\n\t\t\t\t\t<h2 class=\"elementor-heading-title elementor-size-default\">Services<\/h2>\t\t\t\t<\/div>\n\t\t\t\t<div class=\"elementor-element elementor-element-2aa86050 mecanizado-slider__text elementor-invisible elementor-widget elementor-widget-text-editor\" data-id=\"2aa86050\" data-element_type=\"widget\" data-settings=\"{&quot;_animation&quot;:&quot;fadeInUp&quot;}\" data-widget_type=\"text-editor.default\">\n\t\t\t\t\t\t\t\t\t<p>De plus, lorsque le projet l\u2019exige, nous int\u00e9grons des op\u00e9rations compl\u00e9mentaires telles que les traitements thermiques, les finitions de surface et l\u2019assemblage de sous-ensembles, garantissant une solution compl\u00e8te cl\u00e9 en main.<\/p>\t\t\t\t\t\t\t\t<\/div>\n\t\t\t\t<\/div>\n\t\t\t\t\t<\/div>\n\t\t\t\t<\/div>\n\t\t<div class=\"elementor-element elementor-element-a7d368f contact-cta e-flex e-con-boxed e-con e-parent\" data-id=\"a7d368f\" data-element_type=\"container\" data-settings=\"{&quot;background_background&quot;:&quot;classic&quot;}\">\n\t\t\t\t\t<div class=\"e-con-inner\">\n\t\t\t\t<div class=\"elementor-element elementor-element-7f5aeeea contact-cta__title elementor-invisible elementor-widget elementor-widget-heading\" data-id=\"7f5aeeea\" data-element_type=\"widget\" data-settings=\"{&quot;_animation&quot;:&quot;fadeInUp&quot;}\" data-widget_type=\"heading.default\">\n\t\t\t\t\t<h2 class=\"elementor-heading-title elementor-size-default\">Vous souhaitez savoir comment nous pouvons vous aider?<\/h2>\t\t\t\t<\/div>\n\t\t\t\t<div class=\"elementor-element elementor-element-51880993 btn btn-inverted contact-cta__btn elementor-invisible elementor-widget elementor-widget-button\" data-id=\"51880993\" data-element_type=\"widget\" data-settings=\"{&quot;_animation&quot;:&quot;fadeInUp&quot;}\" data-widget_type=\"button.default\">\n\t\t\t\t\t\t\t\t\t\t<a class=\"elementor-button elementor-button-link elementor-size-sm\" href=\"https:\/\/zerbimek.com\/fr\/contact\/\">\n\t\t\t\t\t\t<span class=\"elementor-button-content-wrapper\">\n\t\t\t\t\t\t\t\t\t<span class=\"elementor-button-text\">Contactez-nous<\/span>\n\t\t\t\t\t<\/span>\n\t\t\t\t\t<\/a>\n\t\t\t\t\t\t\t\t<\/div>\n\t\t\t\t\t<\/div>\n\t\t\t\t<\/div>\n\t\t\t\t<\/div>\n\t\t","protected":false},"excerpt":{"rendered":"<p>Usinage Services d\u2019usinage Pr\u00e9cision, agilit\u00e9 et production sur mesure Chez Zerbimek, nous nous distinguons par un service int\u00e9gral, flexible et enti\u00e8rement personnalis\u00e9. Nous nous concentrons sur des projets n\u00e9cessitant pr\u00e9cision, flexibilit\u00e9 et conseil technique, en apportant de la valeur \u00e0 nos clients. Nous proposons des solutions d\u2019usinage pour des pi\u00e8ces unitaires, des petites s\u00e9ries et [&hellip;]<\/p>\n","protected":false},"author":2,"featured_media":0,"parent":0,"menu_order":0,"comment_status":"closed","ping_status":"closed","template":"","meta":{"inline_featured_image":false,"footnotes":""},"class_list":["post-6268","page","type-page","status-publish","hentry"],"_links":{"self":[{"href":"https:\/\/zerbimek.com\/fr\/wp-json\/wp\/v2\/pages\/6268","targetHints":{"allow":["GET"]}}],"collection":[{"href":"https:\/\/zerbimek.com\/fr\/wp-json\/wp\/v2\/pages"}],"about":[{"href":"https:\/\/zerbimek.com\/fr\/wp-json\/wp\/v2\/types\/page"}],"author":[{"embeddable":true,"href":"https:\/\/zerbimek.com\/fr\/wp-json\/wp\/v2\/users\/2"}],"replies":[{"embeddable":true,"href":"https:\/\/zerbimek.com\/fr\/wp-json\/wp\/v2\/comments?post=6268"}],"version-history":[{"count":16,"href":"https:\/\/zerbimek.com\/fr\/wp-json\/wp\/v2\/pages\/6268\/revisions"}],"predecessor-version":[{"id":6914,"href":"https:\/\/zerbimek.com\/fr\/wp-json\/wp\/v2\/pages\/6268\/revisions\/6914"}],"wp:attachment":[{"href":"https:\/\/zerbimek.com\/fr\/wp-json\/wp\/v2\/media?parent=6268"}],"curies":[{"name":"wp","href":"https:\/\/api.w.org\/{rel}","templated":true}]}}